{"id":109131,"date":"2024-05-25T20:33:59","date_gmt":"2024-05-25T18:33:59","guid":{"rendered":"https:\/\/pruefengel.de\/impressum"},"modified":"2025-07-02T07:32:50","modified_gmt":"2025-07-02T05:32:50","slug":"impressum","status":"publish","type":"page","link":"https:\/\/pruefengel.de\/en\/impressum\/","title":{"rendered":"Imprint"},"content":{"rendered":"<style>#gspb_row-id-gsbp-d1b2539{justify-content:space-between;margin-top:0px;margin-bottom:0px;display:flex;flex-wrap:wrap;}#gspb_row-id-gsbp-d1b2539 > .gspb_row__content{display:flex;justify-content:space-between;margin:0 auto;width:100%;flex-wrap:wrap;}.gspb_row{position:relative;}div[id^=gspb_col-id]{box-sizing:border-box;position:relative;}div[id^=gspb_col-id]{padding:var(--gs-row-column-padding,15px min(3vw,20px));}#gspb_row-id-gsbp-d1b2539 > .gspb_row__content{max-width:1032px;}#gspb_row-id-gsbp-d1b2539{margin-bottom:120px;}@media (max-width:991.98px){#gspb_row-id-gsbp-d1b2539{margin-bottom:80px;}}@media (max-width:575.98px){#gspb_row-id-gsbp-d1b2539{margin-bottom:40px;}}<\/style>\n<div class=\"wp-block-greenshift-blocks-row gspb_row gspb_row-id-gsbp-d1b2539\" id=\"gspb_row-id-gsbp-d1b2539\"><div class=\"gspb_row__content\"> <style>#gspb_col-id-gsbp-402aebd.gspb_row__col--12{width:100%;}@media (max-width:575.98px){#gspb_col-id-gsbp-402aebd.gspb_row__col--12{width:100%;}}<\/style>\n<div class=\"wp-block-greenshift-blocks-row-column gspb_row__col--12 gspb_col-id-gsbp-402aebd\" id=\"gspb_col-id-gsbp-402aebd\">\n<h2 class=\"wp-block-heading\" id=\"impressum\">Imprint<\/h2>\n\n\n\n<p><strong>Information according to \u00a7 5 TMG<\/strong><\/p>\n\n\n\n<p>Pr\u00fcfengel GmbH<br><em>(please <strong>do not<\/strong> send any products to this address)<\/em><br>Kaiserstrasse 19<br>97070 W\u00fcrzburg<\/p>\n\n\n\n<p>Register court: W\u00fcrzburg Local Court<br>Register number: HRB 16356<\/p>\n\n\n\n<p>Sales tax identification number according to \u00a7 27 a sales tax law: DE354416336<\/p>\n\n\n\n<p>Represented by:<br>Micha Rienecker, Benno Klos<\/p>\n\n\n\n<p><strong>Contact: Contact<\/strong><br>Telephone: 0931\/8008021-0<br>E-mail: rechtsabteilung@pruefengel.de<\/p>\n\n\n\n<p><\/p>\n\n\n\n<p><strong>Editorially responsible<\/strong><br>Micha Rienecker<br>Kaiserstrasse 19<br>97070 W\u00fcrzburg<br>W\u00fcrzburg, Germany<\/p>\n\n\n\n<p><strong>EU dispute resolution<\/strong><br>The European Commission provides a platform for online dispute resolution (OS):<br><a href=\"https:\/\/ec.europa.eu\/consumers\/odr\/.\">https:\/\/ec.europa.eu\/consumers\/odr\/.<\/a><br>You can find our email address in the legal notice above.<\/p>\n\n\n\n<p><strong>Consumer dispute resolution<\/strong><\/p>\n\n\n\n<p>We participate in a dispute resolution procedure before a consumer arbitration board. The universal arbitration centre of the Zentrum f\u00fcr Schlichtung e.V., Stra\u00dfburger Stra\u00dfe 8, 77694 Kehl am<\/p>\n\n\n\n<p>Rhine<a href=\"https:\/\/www.verbraucher-schlichter.de\/\"><u>(https:\/\/www.verbraucher-schlichter.de<\/u><\/a>).<\/p>\n\n\n\n<p><strong>Legal information<\/strong><\/p>\n\n\n\n<p>All information on our website has been carefully checked. We endeavour to ensure that the information provided is up-to-date, correct and complete. Nevertheless, the occurrence of errors cannot be completely ruled out. No guarantee can therefore be given for the completeness, correctness and up-to-dateness of the information.<\/p>\n\n\n\n<p>The publisher may modify and\/or discontinue operation of this website at any time at its own discretion and without prior notice. He is not obliged to update the content of this website.<\/p>\n\n\n\n<p>Access to and use of this website is at the user&#8217;s own risk. Pr\u00fcfengel GmbH is not responsible and assumes no liability for any damages, including direct, indirect, incidental, consequential or special damages, alleged to have been caused by or in connection with the access and\/or use of this website.<\/p>\n\n\n\n<p>The publisher accepts no responsibility for the content and availability of third-party websites that can be accessed via external links on this website. The publisher expressly distances itself from all content that may be relevant under criminal or liability law or offend common decency.<\/p>\n\n\n\n<p>Access data is stored when content from this website is requested. This is data about the page from which the file was requested, the name of the requested file, the date, time and duration of the request, the amount of data transferred and the access status (e.g. file transferred, file not found). This stored data is analysed exclusively for statistical purposes and is not passed on to third parties under any circumstances.<\/p>\n\n\n\n<p>If the opportunity for the input of personal or business data (e-mail addresses, name, addresses) is given, the input of these data takes place voluntarily.<\/p>\n\n\n\n<p>The links marked with an asterisk (*) are commission links to external offers. If you click on such a link and make a purchase via this link, we receive a commission from the provider. The price does not change.<\/p>\n<\/div>\n <\/div><\/div>\n","protected":false},"excerpt":{"rendered":"","protected":false},"author":1,"featured_media":0,"parent":0,"menu_order":0,"comment_status":"closed","ping_status":"closed","template":"no-title","meta":{"_acf_changed":false,"_gspb_post_css":"#gspb_row-id-gsbp-d1b2539{justify-content:space-between;margin-top:0;display:flex;flex-wrap:wrap;margin-bottom:120px}#gspb_row-id-gsbp-d1b2539>.gspb_row__content{display:flex;justify-content:space-between;margin:0 auto;width:100%;flex-wrap:wrap;max-width:1032px}.gspb_row{position:relative}div[id^=gspb_col-id]{box-sizing:border-box;position:relative;padding:15px min(3vw,20px)}@media (max-width:991.98px){#gspb_row-id-gsbp-d1b2539{margin-bottom:80px}}@media (max-width:575.98px){#gspb_row-id-gsbp-d1b2539{margin-bottom:40px}}#gspb_col-id-gsbp-402aebd.gspb_row__col--12{width:100%}@media (max-width:575.98px){#gspb_col-id-gsbp-402aebd.gspb_row__col--12{width:100%}}","inline_featured_image":false,"_uag_custom_page_level_css":"","ub_ctt_via":"","footnotes":""},"class_list":["post-109131","page","type-page","status-publish","hentry"],"acf":[],"featured_image_src":null,"yoast_head":"<!-- This site is optimized with the Yoast SEO plugin v27.4 - https:\/\/yoast.com\/product\/yoast-seo-wordpress\/ -->\n<title>Imprint - Pr\u00fcfengel<\/title>\n<meta name=\"description\" content=\"Imprint Information according to \u00a7 5 TMG Pr\u00fcfengel GmbH(please do not send any products to this address)Kaiserstrasse 1997070 W\u00fcrzburg Register court:\" \/>\n<meta name=\"robots\" content=\"noindex, nofollow\" \/>\n<meta property=\"og:locale\" content=\"en_US\" \/>\n<meta property=\"og:type\" content=\"article\" \/>\n<meta property=\"og:title\" content=\"Imprint - Pr\u00fcfengel\" \/>\n<meta property=\"og:description\" content=\"Imprint Information according to \u00a7 5 TMG Pr\u00fcfengel GmbH(please do not send any products to this address)Kaiserstrasse 1997070 W\u00fcrzburg Register court:\" \/>\n<meta property=\"og:url\" content=\"https:\/\/pruefengel.de\/en\/impressum\/\" \/>\n<meta property=\"og:site_name\" content=\"Pr\u00fcfengel\" \/>\n<meta property=\"article:modified_time\" content=\"2025-07-02T05:32:50+00:00\" \/>\n<meta name=\"twitter:card\" content=\"summary_large_image\" \/>\n<meta name=\"twitter:label1\" content=\"Est. reading time\" \/>\n\t<meta name=\"twitter:data1\" content=\"2 minutes\" \/>\n<script type=\"application\/ld+json\" class=\"yoast-schema-graph\">{\"@context\":\"https:\\\/\\\/schema.org\",\"@graph\":[{\"@type\":\"WebPage\",\"@id\":\"https:\\\/\\\/pruefengel.de\\\/en\\\/impressum\\\/\",\"url\":\"https:\\\/\\\/pruefengel.de\\\/en\\\/impressum\\\/\",\"name\":\"Imprint - Pr\u00fcfengel\",\"isPartOf\":{\"@id\":\"https:\\\/\\\/pruefengel.de\\\/en\\\/#website\"},\"datePublished\":\"2024-05-25T18:33:59+00:00\",\"dateModified\":\"2025-07-02T05:32:50+00:00\",\"description\":\"Imprint Information according to \u00a7 5 TMG Pr\u00fcfengel GmbH(please do not send any products to this address)Kaiserstrasse 1997070 W\u00fcrzburg Register court:\",\"breadcrumb\":{\"@id\":\"https:\\\/\\\/pruefengel.de\\\/en\\\/impressum\\\/#breadcrumb\"},\"inLanguage\":\"en-US\",\"potentialAction\":[{\"@type\":\"ReadAction\",\"target\":[\"https:\\\/\\\/pruefengel.de\\\/en\\\/impressum\\\/\"]}]},{\"@type\":\"BreadcrumbList\",\"@id\":\"https:\\\/\\\/pruefengel.de\\\/en\\\/impressum\\\/#breadcrumb\",\"itemListElement\":[{\"@type\":\"ListItem\",\"position\":1,\"name\":\"Startseite\",\"item\":\"https:\\\/\\\/pruefengel.de\\\/en\\\/\"},{\"@type\":\"ListItem\",\"position\":2,\"name\":\"Imprint\"}]},{\"@type\":\"WebSite\",\"@id\":\"https:\\\/\\\/pruefengel.de\\\/en\\\/#website\",\"url\":\"https:\\\/\\\/pruefengel.de\\\/en\\\/\",\"name\":\"Pr\u00fcfengel\",\"description\":\"Wir testen Produkte!\",\"publisher\":{\"@id\":\"https:\\\/\\\/pruefengel.de\\\/en\\\/#organization\"},\"potentialAction\":[{\"@type\":\"SearchAction\",\"target\":{\"@type\":\"EntryPoint\",\"urlTemplate\":\"https:\\\/\\\/pruefengel.de\\\/en\\\/?s={search_term_string}\"},\"query-input\":{\"@type\":\"PropertyValueSpecification\",\"valueRequired\":true,\"valueName\":\"search_term_string\"}}],\"inLanguage\":\"en-US\"},{\"@type\":\"Organization\",\"@id\":\"https:\\\/\\\/pruefengel.de\\\/en\\\/#organization\",\"name\":\"Pr\u00fcfengel Institut\",\"url\":\"https:\\\/\\\/pruefengel.de\\\/en\\\/\",\"logo\":{\"@type\":\"ImageObject\",\"inLanguage\":\"en-US\",\"@id\":\"https:\\\/\\\/pruefengel.de\\\/en\\\/#\\\/schema\\\/logo\\\/image\\\/\",\"url\":\"http:\\\/\\\/pruefengel.de\\\/wp-content\\\/uploads\\\/2022\\\/05\\\/Icon.png\",\"contentUrl\":\"http:\\\/\\\/pruefengel.de\\\/wp-content\\\/uploads\\\/2022\\\/05\\\/Icon.png\",\"width\":2000,\"height\":1539,\"caption\":\"Pr\u00fcfengel Institut\"},\"image\":{\"@id\":\"https:\\\/\\\/pruefengel.de\\\/en\\\/#\\\/schema\\\/logo\\\/image\\\/\"}}]}<\/script>\n<!-- \/ Yoast SEO plugin. -->","yoast_head_json":{"title":"Imprint - Pr\u00fcfengel","description":"Imprint Information according to \u00a7 5 TMG Pr\u00fcfengel GmbH(please do not send any products to this address)Kaiserstrasse 1997070 W\u00fcrzburg Register court:","robots":{"index":"noindex","follow":"nofollow"},"og_locale":"en_US","og_type":"article","og_title":"Imprint - Pr\u00fcfengel","og_description":"Imprint Information according to \u00a7 5 TMG Pr\u00fcfengel GmbH(please do not send any products to this address)Kaiserstrasse 1997070 W\u00fcrzburg Register court:","og_url":"https:\/\/pruefengel.de\/en\/impressum\/","og_site_name":"Pr\u00fcfengel","article_modified_time":"2025-07-02T05:32:50+00:00","twitter_card":"summary_large_image","twitter_misc":{"Est. reading time":"2 minutes"},"schema":{"@context":"https:\/\/schema.org","@graph":[{"@type":"WebPage","@id":"https:\/\/pruefengel.de\/en\/impressum\/","url":"https:\/\/pruefengel.de\/en\/impressum\/","name":"Imprint - Pr\u00fcfengel","isPartOf":{"@id":"https:\/\/pruefengel.de\/en\/#website"},"datePublished":"2024-05-25T18:33:59+00:00","dateModified":"2025-07-02T05:32:50+00:00","description":"Imprint Information according to \u00a7 5 TMG Pr\u00fcfengel GmbH(please do not send any products to this address)Kaiserstrasse 1997070 W\u00fcrzburg Register court:","breadcrumb":{"@id":"https:\/\/pruefengel.de\/en\/impressum\/#breadcrumb"},"inLanguage":"en-US","potentialAction":[{"@type":"ReadAction","target":["https:\/\/pruefengel.de\/en\/impressum\/"]}]},{"@type":"BreadcrumbList","@id":"https:\/\/pruefengel.de\/en\/impressum\/#breadcrumb","itemListElement":[{"@type":"ListItem","position":1,"name":"Startseite","item":"https:\/\/pruefengel.de\/en\/"},{"@type":"ListItem","position":2,"name":"Imprint"}]},{"@type":"WebSite","@id":"https:\/\/pruefengel.de\/en\/#website","url":"https:\/\/pruefengel.de\/en\/","name":"Pr\u00fcfengel","description":"Wir testen Produkte!","publisher":{"@id":"https:\/\/pruefengel.de\/en\/#organization"},"potentialAction":[{"@type":"SearchAction","target":{"@type":"EntryPoint","urlTemplate":"https:\/\/pruefengel.de\/en\/?s={search_term_string}"},"query-input":{"@type":"PropertyValueSpecification","valueRequired":true,"valueName":"search_term_string"}}],"inLanguage":"en-US"},{"@type":"Organization","@id":"https:\/\/pruefengel.de\/en\/#organization","name":"Pr\u00fcfengel Institut","url":"https:\/\/pruefengel.de\/en\/","logo":{"@type":"ImageObject","inLanguage":"en-US","@id":"https:\/\/pruefengel.de\/en\/#\/schema\/logo\/image\/","url":"http:\/\/pruefengel.de\/wp-content\/uploads\/2022\/05\/Icon.png","contentUrl":"http:\/\/pruefengel.de\/wp-content\/uploads\/2022\/05\/Icon.png","width":2000,"height":1539,"caption":"Pr\u00fcfengel Institut"},"image":{"@id":"https:\/\/pruefengel.de\/en\/#\/schema\/logo\/image\/"}}]}},"uagb_featured_image_src":{"full":false,"thumbnail":false,"medium":false,"medium_large":false,"large":false,"1536x1536":false,"2048x2048":false},"uagb_author_info":{"display_name":"gfde6u7toit937z","author_link":"https:\/\/pruefengel.de\/en\/author\/gfde6u7toit937z\/"},"uagb_comment_info":0,"uagb_excerpt":null,"_links":{"self":[{"href":"https:\/\/pruefengel.de\/en\/wp-json\/wp\/v2\/pages\/109131","targetHints":{"allow":["GET"]}}],"collection":[{"href":"https:\/\/pruefengel.de\/en\/wp-json\/wp\/v2\/pages"}],"about":[{"href":"https:\/\/pruefengel.de\/en\/wp-json\/wp\/v2\/types\/page"}],"author":[{"embeddable":true,"href":"https:\/\/pruefengel.de\/en\/wp-json\/wp\/v2\/users\/1"}],"replies":[{"embeddable":true,"href":"https:\/\/pruefengel.de\/en\/wp-json\/wp\/v2\/comments?post=109131"}],"version-history":[{"count":7,"href":"https:\/\/pruefengel.de\/en\/wp-json\/wp\/v2\/pages\/109131\/revisions"}],"predecessor-version":[{"id":218103,"href":"https:\/\/pruefengel.de\/en\/wp-json\/wp\/v2\/pages\/109131\/revisions\/218103"}],"wp:attachment":[{"href":"https:\/\/pruefengel.de\/en\/wp-json\/wp\/v2\/media?parent=109131"}],"curies":[{"name":"wp","href":"https:\/\/api.w.org\/{rel}","templated":true}]}}