{"id":109099,"date":"2022-06-29T11:30:52","date_gmt":"2022-06-29T11:30:52","guid":{"rendered":"https:\/\/pruefengel.de\/cookie-einstellungen"},"modified":"2024-08-22T05:19:34","modified_gmt":"2024-08-22T05:19:34","slug":"cookie-einstellungen","status":"publish","type":"page","link":"https:\/\/pruefengel.de\/es\/cookie-einstellungen\/","title":{"rendered":"Configuraci\u00f3n de cookies"},"content":{"rendered":"<style>#gspb_row-id-gsbp-d1b2539{justify-content:space-between;margin-top:0px;margin-bottom:0px;display:flex;flex-wrap:wrap;}#gspb_row-id-gsbp-d1b2539 > .gspb_row__content{display:flex;justify-content:space-between;margin:0 auto;width:100%;flex-wrap:wrap;}.gspb_row{position:relative;}div[id^=gspb_col-id]{box-sizing:border-box;position:relative;}div[id^=gspb_col-id]{padding:15px min(3vw,20px);}#gspb_row-id-gsbp-d1b2539 > .gspb_row__content{max-width:1032px;}#gspb_row-id-gsbp-d1b2539{margin-bottom:120px;}@media (max-width:991.98px){#gspb_row-id-gsbp-d1b2539{margin-bottom:80px;}}@media (max-width:575.98px){#gspb_row-id-gsbp-d1b2539{margin-bottom:40px;padding-bottom:40px;}}<\/style>\n<div class=\"wp-block-greenshift-blocks-row gspb_row gspb_row-id-gsbp-d1b2539\" id=\"gspb_row-id-gsbp-d1b2539\"><div class=\"gspb_row__content\"> <style>#gspb_col-id-gsbp-402aebd.gspb_row__col--12{width:100%;}@media (max-width:575.98px){#gspb_col-id-gsbp-402aebd.gspb_row__col--12{width:100%;}}<\/style>\n<div class=\"wp-block-greenshift-blocks-row-column gspb_row__col--12 gspb_col-id-gsbp-402aebd\" id=\"gspb_col-id-gsbp-402aebd\">\n<h2 class=\"wp-block-heading\" id=\"cookie-einstellungen-1\">Configuraci\u00f3n de cookies<\/h2>\n\n\n\n<p>Las cookies afectan al funcionamiento de nuestro sitio. Deben estar activadas para obtener la mejor experiencia de usuario.<\/p>\n\n\n\n<p>Puede cambiar la configuraci\u00f3n de cookies en cualquier momento para que nuestro sitio pueda almacenar cookies en su navegador o eliminarlas de su navegador. Utilice el siguiente enlace para hacerlo:<\/p>\n\n\n<p>[borlabs-cookie type=\u00bbbtn-cookie-preference\u00bb title=\u00bbCambiar configuraci\u00f3n de cookies\u00bb element=\u00bblink\u00bb\/]<\/p>\n<\/div>\n <\/div><\/div>\n","protected":false},"excerpt":{"rendered":"","protected":false},"author":1,"featured_media":0,"parent":0,"menu_order":0,"comment_status":"closed","ping_status":"closed","template":"no-title","meta":{"_acf_changed":false,"_gspb_post_css":"#gspb_row-id-gsbp-d1b2539{justify-content:space-between;margin-top:0;display:flex;flex-wrap:wrap;margin-bottom:120px}#gspb_row-id-gsbp-d1b2539>.gspb_row__content{display:flex;justify-content:space-between;margin:0 auto;width:100%;flex-wrap:wrap;max-width:1032px}.gspb_row{position:relative}div[id^=gspb_col-id]{padding:15px min(3vw,20px);box-sizing:border-box;position:relative}@media (max-width:991.98px){#gspb_row-id-gsbp-d1b2539{margin-bottom:80px}}@media (max-width:575.98px){#gspb_row-id-gsbp-d1b2539{margin-bottom:40px;padding-bottom:40px}}#gspb_col-id-gsbp-402aebd.gspb_row__col--12{width:100%}@media (max-width:575.98px){#gspb_col-id-gsbp-402aebd.gspb_row__col--12{width:100%}}","inline_featured_image":false,"_uag_custom_page_level_css":"","ub_ctt_via":"","footnotes":""},"class_list":["post-109099","page","type-page","status-publish","hentry"],"acf":[],"featured_image_src":null,"yoast_head":"<!-- This site is optimized with the Yoast SEO plugin v27.4 - https:\/\/yoast.com\/product\/yoast-seo-wordpress\/ -->\n<title>Configuraci\u00f3n de cookies - Pr\u00fcfengel<\/title>\n<meta name=\"description\" content=\"Configuraci\u00f3n de cookies Las cookies afectan al funcionamiento de nuestro sitio. Deben estar activadas para obtener la mejor experiencia de usuario. Puede\" \/>\n<meta name=\"robots\" content=\"noindex, nofollow\" \/>\n<meta property=\"og:locale\" content=\"es_ES\" \/>\n<meta property=\"og:type\" content=\"article\" \/>\n<meta property=\"og:title\" content=\"Configuraci\u00f3n de cookies - Pr\u00fcfengel\" \/>\n<meta property=\"og:description\" content=\"Configuraci\u00f3n de cookies Las cookies afectan al funcionamiento de nuestro sitio. Deben estar activadas para obtener la mejor experiencia de usuario. Puede\" \/>\n<meta property=\"og:url\" content=\"https:\/\/pruefengel.de\/es\/cookie-einstellungen\/\" \/>\n<meta property=\"og:site_name\" content=\"Pr\u00fcfengel\" \/>\n<meta property=\"article:modified_time\" content=\"2024-08-22T05:19:34+00:00\" \/>\n<meta name=\"twitter:card\" content=\"summary_large_image\" \/>\n<meta name=\"twitter:label1\" content=\"Tiempo de lectura\" \/>\n\t<meta name=\"twitter:data1\" content=\"1 minuto\" \/>\n<script type=\"application\/ld+json\" class=\"yoast-schema-graph\">{\"@context\":\"https:\\\/\\\/schema.org\",\"@graph\":[{\"@type\":\"WebPage\",\"@id\":\"https:\\\/\\\/pruefengel.de\\\/es\\\/cookie-einstellungen\\\/\",\"url\":\"https:\\\/\\\/pruefengel.de\\\/es\\\/cookie-einstellungen\\\/\",\"name\":\"Configuraci\u00f3n de cookies - Pr\u00fcfengel\",\"isPartOf\":{\"@id\":\"https:\\\/\\\/pruefengel.de\\\/es\\\/#website\"},\"datePublished\":\"2022-06-29T11:30:52+00:00\",\"dateModified\":\"2024-08-22T05:19:34+00:00\",\"description\":\"Configuraci\u00f3n de cookies Las cookies afectan al funcionamiento de nuestro sitio. Deben estar activadas para obtener la mejor experiencia de usuario. Puede\",\"breadcrumb\":{\"@id\":\"https:\\\/\\\/pruefengel.de\\\/es\\\/cookie-einstellungen\\\/#breadcrumb\"},\"inLanguage\":\"es\",\"potentialAction\":[{\"@type\":\"ReadAction\",\"target\":[\"https:\\\/\\\/pruefengel.de\\\/es\\\/cookie-einstellungen\\\/\"]}]},{\"@type\":\"BreadcrumbList\",\"@id\":\"https:\\\/\\\/pruefengel.de\\\/es\\\/cookie-einstellungen\\\/#breadcrumb\",\"itemListElement\":[{\"@type\":\"ListItem\",\"position\":1,\"name\":\"Startseite\",\"item\":\"https:\\\/\\\/pruefengel.de\\\/es\\\/\"},{\"@type\":\"ListItem\",\"position\":2,\"name\":\"Configuraci\u00f3n de cookies\"}]},{\"@type\":\"WebSite\",\"@id\":\"https:\\\/\\\/pruefengel.de\\\/es\\\/#website\",\"url\":\"https:\\\/\\\/pruefengel.de\\\/es\\\/\",\"name\":\"Pr\u00fcfengel\",\"description\":\"Wir testen Produkte!\",\"publisher\":{\"@id\":\"https:\\\/\\\/pruefengel.de\\\/es\\\/#organization\"},\"potentialAction\":[{\"@type\":\"SearchAction\",\"target\":{\"@type\":\"EntryPoint\",\"urlTemplate\":\"https:\\\/\\\/pruefengel.de\\\/es\\\/?s={search_term_string}\"},\"query-input\":{\"@type\":\"PropertyValueSpecification\",\"valueRequired\":true,\"valueName\":\"search_term_string\"}}],\"inLanguage\":\"es\"},{\"@type\":\"Organization\",\"@id\":\"https:\\\/\\\/pruefengel.de\\\/es\\\/#organization\",\"name\":\"Pr\u00fcfengel Institut\",\"url\":\"https:\\\/\\\/pruefengel.de\\\/es\\\/\",\"logo\":{\"@type\":\"ImageObject\",\"inLanguage\":\"es\",\"@id\":\"https:\\\/\\\/pruefengel.de\\\/es\\\/#\\\/schema\\\/logo\\\/image\\\/\",\"url\":\"http:\\\/\\\/pruefengel.de\\\/wp-content\\\/uploads\\\/2022\\\/05\\\/Icon.png\",\"contentUrl\":\"http:\\\/\\\/pruefengel.de\\\/wp-content\\\/uploads\\\/2022\\\/05\\\/Icon.png\",\"width\":2000,\"height\":1539,\"caption\":\"Pr\u00fcfengel Institut\"},\"image\":{\"@id\":\"https:\\\/\\\/pruefengel.de\\\/es\\\/#\\\/schema\\\/logo\\\/image\\\/\"}}]}<\/script>\n<!-- \/ Yoast SEO plugin. -->","yoast_head_json":{"title":"Configuraci\u00f3n de cookies - Pr\u00fcfengel","description":"Configuraci\u00f3n de cookies Las cookies afectan al funcionamiento de nuestro sitio. Deben estar activadas para obtener la mejor experiencia de usuario. Puede","robots":{"index":"noindex","follow":"nofollow"},"og_locale":"es_ES","og_type":"article","og_title":"Configuraci\u00f3n de cookies - Pr\u00fcfengel","og_description":"Configuraci\u00f3n de cookies Las cookies afectan al funcionamiento de nuestro sitio. Deben estar activadas para obtener la mejor experiencia de usuario. Puede","og_url":"https:\/\/pruefengel.de\/es\/cookie-einstellungen\/","og_site_name":"Pr\u00fcfengel","article_modified_time":"2024-08-22T05:19:34+00:00","twitter_card":"summary_large_image","twitter_misc":{"Tiempo de lectura":"1 minuto"},"schema":{"@context":"https:\/\/schema.org","@graph":[{"@type":"WebPage","@id":"https:\/\/pruefengel.de\/es\/cookie-einstellungen\/","url":"https:\/\/pruefengel.de\/es\/cookie-einstellungen\/","name":"Configuraci\u00f3n de cookies - Pr\u00fcfengel","isPartOf":{"@id":"https:\/\/pruefengel.de\/es\/#website"},"datePublished":"2022-06-29T11:30:52+00:00","dateModified":"2024-08-22T05:19:34+00:00","description":"Configuraci\u00f3n de cookies Las cookies afectan al funcionamiento de nuestro sitio. Deben estar activadas para obtener la mejor experiencia de usuario. Puede","breadcrumb":{"@id":"https:\/\/pruefengel.de\/es\/cookie-einstellungen\/#breadcrumb"},"inLanguage":"es","potentialAction":[{"@type":"ReadAction","target":["https:\/\/pruefengel.de\/es\/cookie-einstellungen\/"]}]},{"@type":"BreadcrumbList","@id":"https:\/\/pruefengel.de\/es\/cookie-einstellungen\/#breadcrumb","itemListElement":[{"@type":"ListItem","position":1,"name":"Startseite","item":"https:\/\/pruefengel.de\/es\/"},{"@type":"ListItem","position":2,"name":"Configuraci\u00f3n de cookies"}]},{"@type":"WebSite","@id":"https:\/\/pruefengel.de\/es\/#website","url":"https:\/\/pruefengel.de\/es\/","name":"Pr\u00fcfengel","description":"Wir testen Produkte!","publisher":{"@id":"https:\/\/pruefengel.de\/es\/#organization"},"potentialAction":[{"@type":"SearchAction","target":{"@type":"EntryPoint","urlTemplate":"https:\/\/pruefengel.de\/es\/?s={search_term_string}"},"query-input":{"@type":"PropertyValueSpecification","valueRequired":true,"valueName":"search_term_string"}}],"inLanguage":"es"},{"@type":"Organization","@id":"https:\/\/pruefengel.de\/es\/#organization","name":"Pr\u00fcfengel Institut","url":"https:\/\/pruefengel.de\/es\/","logo":{"@type":"ImageObject","inLanguage":"es","@id":"https:\/\/pruefengel.de\/es\/#\/schema\/logo\/image\/","url":"http:\/\/pruefengel.de\/wp-content\/uploads\/2022\/05\/Icon.png","contentUrl":"http:\/\/pruefengel.de\/wp-content\/uploads\/2022\/05\/Icon.png","width":2000,"height":1539,"caption":"Pr\u00fcfengel Institut"},"image":{"@id":"https:\/\/pruefengel.de\/es\/#\/schema\/logo\/image\/"}}]}},"uagb_featured_image_src":{"full":false,"thumbnail":false,"medium":false,"medium_large":false,"large":false,"1536x1536":false,"2048x2048":false},"uagb_author_info":{"display_name":"gfde6u7toit937z","author_link":"https:\/\/pruefengel.de\/es\/author\/gfde6u7toit937z\/"},"uagb_comment_info":0,"uagb_excerpt":null,"_links":{"self":[{"href":"https:\/\/pruefengel.de\/es\/wp-json\/wp\/v2\/pages\/109099","targetHints":{"allow":["GET"]}}],"collection":[{"href":"https:\/\/pruefengel.de\/es\/wp-json\/wp\/v2\/pages"}],"about":[{"href":"https:\/\/pruefengel.de\/es\/wp-json\/wp\/v2\/types\/page"}],"author":[{"embeddable":true,"href":"https:\/\/pruefengel.de\/es\/wp-json\/wp\/v2\/users\/1"}],"replies":[{"embeddable":true,"href":"https:\/\/pruefengel.de\/es\/wp-json\/wp\/v2\/comments?post=109099"}],"version-history":[{"count":2,"href":"https:\/\/pruefengel.de\/es\/wp-json\/wp\/v2\/pages\/109099\/revisions"}],"predecessor-version":[{"id":163162,"href":"https:\/\/pruefengel.de\/es\/wp-json\/wp\/v2\/pages\/109099\/revisions\/163162"}],"wp:attachment":[{"href":"https:\/\/pruefengel.de\/es\/wp-json\/wp\/v2\/media?parent=109099"}],"curies":[{"name":"wp","href":"https:\/\/api.w.org\/{rel}","templated":true}]}}