{"id":109135,"date":"2024-05-25T20:33:59","date_gmt":"2024-05-25T18:33:59","guid":{"rendered":"https:\/\/pruefengel.de\/impressum"},"modified":"2025-02-08T21:31:38","modified_gmt":"2025-02-08T21:31:38","slug":"impressum","status":"publish","type":"page","link":"https:\/\/pruefengel.de\/es\/impressum\/","title":{"rendered":"Pie de imprenta"},"content":{"rendered":"<style>#gspb_row-id-gsbp-d1b2539{justify-content:space-between;margin-top:0px;margin-bottom:0px;display:flex;flex-wrap:wrap;}#gspb_row-id-gsbp-d1b2539 > .gspb_row__content{display:flex;justify-content:space-between;margin:0 auto;width:100%;flex-wrap:wrap;}.gspb_row{position:relative;}div[id^=gspb_col-id]{box-sizing:border-box;position:relative;}div[id^=gspb_col-id]{padding:15px min(3vw,20px);}#gspb_row-id-gsbp-d1b2539 > .gspb_row__content{max-width:1032px;}#gspb_row-id-gsbp-d1b2539{margin-bottom:120px;}@media (max-width:991.98px){#gspb_row-id-gsbp-d1b2539{margin-bottom:80px;}}@media (max-width:575.98px){#gspb_row-id-gsbp-d1b2539{margin-bottom:40px;}}<\/style>\n<div class=\"wp-block-greenshift-blocks-row gspb_row gspb_row-id-gsbp-d1b2539\" id=\"gspb_row-id-gsbp-d1b2539\"><div class=\"gspb_row__content\"> <style>#gspb_col-id-gsbp-402aebd.gspb_row__col--12{width:100%;}@media (max-width:575.98px){#gspb_col-id-gsbp-402aebd.gspb_row__col--12{width:100%;}}<\/style>\n<div class=\"wp-block-greenshift-blocks-row-column gspb_row__col--12 gspb_col-id-gsbp-402aebd\" id=\"gspb_col-id-gsbp-402aebd\">\n<h2 class=\"wp-block-heading\" id=\"impressum\">Pie de imprenta<\/h2>\n\n\n\n<p><strong>Informaci\u00f3n seg\u00fan \u00a7 5 TMG<\/strong><\/p>\n\n\n\n<p>Pr\u00fcfengel GmbH<br><em>(por favor, <strong><u>no<\/u><\/strong> env\u00ede productos a esta direcci\u00f3n)<\/em><br>Kaiserstrasse 19<br>97070 W\u00fcrzburg<\/p>\n\n\n\n<p>Tribunal de registro: Juzgado de Primera Instancia de W\u00fcrzburg<br>N\u00famero de registro: HRB 16356<\/p>\n\n\n\n<p>N\u00famero de identificaci\u00f3n del impuesto sobre el valor a\u00f1adido de conformidad con el art\u00edculo 27 a de la Ley del impuesto sobre el valor a\u00f1adido: DE354416336<\/p>\n\n\n\n<p>Representado por:<br>Micha Rienecker, Benno Klos<\/p>\n\n\n\n<p><strong><br>Tel\u00e9fono de<\/strong><strong>contacto<\/strong>: 0931\/8008021-0<br>Correo electr\u00f3nico: rechtsabteilung@pruefengel.de<\/p>\n\n\n\n<p><strong>Editorialmente responsable<\/strong><\/p>\n\n\n\n<p>Micha Rienecker<br>Kaiserstrasse 19<br>97070 W\u00fcrzburg<br>Alemania<\/p>\n\n\n\n<p><strong>Resoluci\u00f3n de litigios en la UE<\/strong><\/p>\n\n\n\n<p>La Comisi\u00f3n Europea ofrece una plataforma para la resoluci\u00f3n de litigios en l\u00ednea (ODR):<br><a href=\"https:\/\/ec.europa.eu\/consumers\/odr\/\">https:\/\/ec.europa.eu\/consumers\/odr\/.<\/a><br>Encontrar\u00e1 nuestra direcci\u00f3n de correo electr\u00f3nico en el aviso legal anterior.<\/p>\n\n\n\n<p><strong>Resoluci\u00f3n de litigios en materia de consumo<\/strong><\/p>\n\n\n\n<p>Participamos en un procedimiento de resoluci\u00f3n de litigios ante una junta de arbitraje de consumo. La junta arbitral universal del Zentrum f\u00fcr Schlichtung e.V., Stra\u00dfburger Stra\u00dfe 8, 77694 Kehl am<\/p>\n\n\n\n<p>Rin<a href=\"https:\/\/www.verbraucher-schlichter.de\/\">(https:\/\/www.verbraucher-schlichter.de)<\/a>.<\/p>\n\n\n\n<p><strong>Informaci\u00f3n jur\u00eddica<\/strong><\/p>\n\n\n\n<p>Toda la informaci\u00f3n de nuestro sitio web ha sido cuidadosamente comprobada. Nos esforzamos por mantener esta informaci\u00f3n actualizada, correcta y completa. No obstante, no puede excluirse por completo la posibilidad de que se produzcan errores. Por ello, no podemos garantizar la integridad, exactitud y actualidad de la informaci\u00f3n.<\/p>\n\n\n\n<p>El editor puede modificar y\/o interrumpir el funcionamiento de este sitio web en cualquier momento a su discreci\u00f3n y sin previo aviso. No est\u00e1 obligado a actualizar el contenido de este sitio web.<\/p>\n\n\n\n<p>El acceso a este sitio web y su uso se realizan por cuenta y riesgo del usuario. El Pr\u00fcfengel GmbH no se hace responsable y no asume responsabilidad alguna por da\u00f1os, incluidos da\u00f1os directos, indirectos, incidentales, consecuentes o especiales, supuestamente causados por o en relaci\u00f3n con el acceso y\/o uso de este sitio web.<\/p>\n\n\n\n<p>El editor no asume ninguna responsabilidad por el contenido y la disponibilidad de los sitios web de terceros a los que se pueda acceder a trav\u00e9s de enlaces externos en este sitio web. El editor se distancia expresamente de todos los contenidos que puedan ser relevantes en virtud de la legislaci\u00f3n penal o de responsabilidad civil u ofender las buenas costumbres.<\/p>\n\n\n\n<p>Cuando se solicitan contenidos a este sitio web, se almacenan datos de acceso. Se trata de datos sobre la p\u00e1gina desde la que se solicit\u00f3 el archivo, el nombre del archivo solicitado, la fecha, hora y duraci\u00f3n de la solicitud, la cantidad de datos transferidos y el estado del acceso (por ejemplo, archivo transferido, archivo no encontrado). Estos datos almacenados se analizan exclusivamente con fines estad\u00edsticos y no se transmiten a terceros en ning\u00fan caso.<\/p>\n\n\n\n<p>Si se ofrece la posibilidad de introducir datos personales o comerciales (direcciones de correo electr\u00f3nico, nombres, direcciones), la introducci\u00f3n de estos datos se realiza de forma voluntaria.<\/p>\n\n\n\n<p>Los enlaces marcados con un asterisco (*) son enlaces de comisi\u00f3n a ofertas externas. Si hace clic en un enlace de este tipo y realiza una compra a trav\u00e9s de \u00e9l, recibimos una comisi\u00f3n del proveedor. El precio no var\u00eda.<\/p>\n<\/div>\n <\/div><\/div>\n","protected":false},"excerpt":{"rendered":"","protected":false},"author":1,"featured_media":0,"parent":0,"menu_order":0,"comment_status":"closed","ping_status":"closed","template":"no-title","meta":{"_acf_changed":false,"_gspb_post_css":"#gspb_row-id-gsbp-d1b2539{justify-content:space-between;margin-top:0;display:flex;flex-wrap:wrap;margin-bottom:120px}#gspb_row-id-gsbp-d1b2539>.gspb_row__content{display:flex;justify-content:space-between;margin:0 auto;width:100%;flex-wrap:wrap;max-width:1032px}.gspb_row{position:relative}div[id^=gspb_col-id]{box-sizing:border-box;position:relative;padding:15px min(3vw,20px)}@media (max-width:991.98px){#gspb_row-id-gsbp-d1b2539{margin-bottom:80px}}@media (max-width:575.98px){#gspb_row-id-gsbp-d1b2539{margin-bottom:40px}}#gspb_col-id-gsbp-402aebd.gspb_row__col--12{width:100%}@media (max-width:575.98px){#gspb_col-id-gsbp-402aebd.gspb_row__col--12{width:100%}}","inline_featured_image":false,"_uag_custom_page_level_css":"","ub_ctt_via":"","footnotes":""},"class_list":["post-109135","page","type-page","status-publish","hentry"],"acf":[],"featured_image_src":null,"yoast_head":"<!-- This site is optimized with the Yoast SEO plugin v27.4 - https:\/\/yoast.com\/product\/yoast-seo-wordpress\/ -->\n<title>Pie de imprenta - Pr\u00fcfengel<\/title>\n<meta name=\"description\" content=\"Pie de imprenta Informaci\u00f3n seg\u00fan \u00a7 5 TMG Pr\u00fcfengel GmbH(por favor, no env\u00ede productos a esta direcci\u00f3n)Kaiserstrasse 1997070 W\u00fcrzburg Tribunal de\" \/>\n<meta name=\"robots\" content=\"noindex, nofollow\" \/>\n<meta property=\"og:locale\" content=\"es_ES\" \/>\n<meta property=\"og:type\" content=\"article\" \/>\n<meta property=\"og:title\" content=\"Pie de imprenta - Pr\u00fcfengel\" \/>\n<meta property=\"og:description\" content=\"Pie de imprenta Informaci\u00f3n seg\u00fan \u00a7 5 TMG Pr\u00fcfengel GmbH(por favor, no env\u00ede productos a esta direcci\u00f3n)Kaiserstrasse 1997070 W\u00fcrzburg Tribunal de\" \/>\n<meta property=\"og:url\" content=\"https:\/\/pruefengel.de\/es\/impressum\/\" \/>\n<meta property=\"og:site_name\" content=\"Pr\u00fcfengel\" \/>\n<meta property=\"article:modified_time\" content=\"2025-02-08T21:31:38+00:00\" \/>\n<meta name=\"twitter:card\" content=\"summary_large_image\" \/>\n<meta name=\"twitter:label1\" content=\"Tiempo de lectura\" \/>\n\t<meta name=\"twitter:data1\" content=\"2 minutos\" \/>\n<script type=\"application\/ld+json\" class=\"yoast-schema-graph\">{\"@context\":\"https:\\\/\\\/schema.org\",\"@graph\":[{\"@type\":\"WebPage\",\"@id\":\"https:\\\/\\\/pruefengel.de\\\/es\\\/impressum\\\/\",\"url\":\"https:\\\/\\\/pruefengel.de\\\/es\\\/impressum\\\/\",\"name\":\"Pie de imprenta - Pr\u00fcfengel\",\"isPartOf\":{\"@id\":\"https:\\\/\\\/pruefengel.de\\\/es\\\/#website\"},\"datePublished\":\"2024-05-25T18:33:59+00:00\",\"dateModified\":\"2025-02-08T21:31:38+00:00\",\"description\":\"Pie de imprenta Informaci\u00f3n seg\u00fan \u00a7 5 TMG Pr\u00fcfengel GmbH(por favor, no env\u00ede productos a esta direcci\u00f3n)Kaiserstrasse 1997070 W\u00fcrzburg Tribunal de\",\"breadcrumb\":{\"@id\":\"https:\\\/\\\/pruefengel.de\\\/es\\\/impressum\\\/#breadcrumb\"},\"inLanguage\":\"es\",\"potentialAction\":[{\"@type\":\"ReadAction\",\"target\":[\"https:\\\/\\\/pruefengel.de\\\/es\\\/impressum\\\/\"]}]},{\"@type\":\"BreadcrumbList\",\"@id\":\"https:\\\/\\\/pruefengel.de\\\/es\\\/impressum\\\/#breadcrumb\",\"itemListElement\":[{\"@type\":\"ListItem\",\"position\":1,\"name\":\"Startseite\",\"item\":\"https:\\\/\\\/pruefengel.de\\\/es\\\/\"},{\"@type\":\"ListItem\",\"position\":2,\"name\":\"Pie de imprenta\"}]},{\"@type\":\"WebSite\",\"@id\":\"https:\\\/\\\/pruefengel.de\\\/es\\\/#website\",\"url\":\"https:\\\/\\\/pruefengel.de\\\/es\\\/\",\"name\":\"Pr\u00fcfengel\",\"description\":\"Wir testen Produkte!\",\"publisher\":{\"@id\":\"https:\\\/\\\/pruefengel.de\\\/es\\\/#organization\"},\"potentialAction\":[{\"@type\":\"SearchAction\",\"target\":{\"@type\":\"EntryPoint\",\"urlTemplate\":\"https:\\\/\\\/pruefengel.de\\\/es\\\/?s={search_term_string}\"},\"query-input\":{\"@type\":\"PropertyValueSpecification\",\"valueRequired\":true,\"valueName\":\"search_term_string\"}}],\"inLanguage\":\"es\"},{\"@type\":\"Organization\",\"@id\":\"https:\\\/\\\/pruefengel.de\\\/es\\\/#organization\",\"name\":\"Pr\u00fcfengel Institut\",\"url\":\"https:\\\/\\\/pruefengel.de\\\/es\\\/\",\"logo\":{\"@type\":\"ImageObject\",\"inLanguage\":\"es\",\"@id\":\"https:\\\/\\\/pruefengel.de\\\/es\\\/#\\\/schema\\\/logo\\\/image\\\/\",\"url\":\"http:\\\/\\\/pruefengel.de\\\/wp-content\\\/uploads\\\/2022\\\/05\\\/Icon.png\",\"contentUrl\":\"http:\\\/\\\/pruefengel.de\\\/wp-content\\\/uploads\\\/2022\\\/05\\\/Icon.png\",\"width\":2000,\"height\":1539,\"caption\":\"Pr\u00fcfengel Institut\"},\"image\":{\"@id\":\"https:\\\/\\\/pruefengel.de\\\/es\\\/#\\\/schema\\\/logo\\\/image\\\/\"}}]}<\/script>\n<!-- \/ Yoast SEO plugin. -->","yoast_head_json":{"title":"Pie de imprenta - Pr\u00fcfengel","description":"Pie de imprenta Informaci\u00f3n seg\u00fan \u00a7 5 TMG Pr\u00fcfengel GmbH(por favor, no env\u00ede productos a esta direcci\u00f3n)Kaiserstrasse 1997070 W\u00fcrzburg Tribunal de","robots":{"index":"noindex","follow":"nofollow"},"og_locale":"es_ES","og_type":"article","og_title":"Pie de imprenta - Pr\u00fcfengel","og_description":"Pie de imprenta Informaci\u00f3n seg\u00fan \u00a7 5 TMG Pr\u00fcfengel GmbH(por favor, no env\u00ede productos a esta direcci\u00f3n)Kaiserstrasse 1997070 W\u00fcrzburg Tribunal de","og_url":"https:\/\/pruefengel.de\/es\/impressum\/","og_site_name":"Pr\u00fcfengel","article_modified_time":"2025-02-08T21:31:38+00:00","twitter_card":"summary_large_image","twitter_misc":{"Tiempo de lectura":"2 minutos"},"schema":{"@context":"https:\/\/schema.org","@graph":[{"@type":"WebPage","@id":"https:\/\/pruefengel.de\/es\/impressum\/","url":"https:\/\/pruefengel.de\/es\/impressum\/","name":"Pie de imprenta - Pr\u00fcfengel","isPartOf":{"@id":"https:\/\/pruefengel.de\/es\/#website"},"datePublished":"2024-05-25T18:33:59+00:00","dateModified":"2025-02-08T21:31:38+00:00","description":"Pie de imprenta Informaci\u00f3n seg\u00fan \u00a7 5 TMG Pr\u00fcfengel GmbH(por favor, no env\u00ede productos a esta direcci\u00f3n)Kaiserstrasse 1997070 W\u00fcrzburg Tribunal de","breadcrumb":{"@id":"https:\/\/pruefengel.de\/es\/impressum\/#breadcrumb"},"inLanguage":"es","potentialAction":[{"@type":"ReadAction","target":["https:\/\/pruefengel.de\/es\/impressum\/"]}]},{"@type":"BreadcrumbList","@id":"https:\/\/pruefengel.de\/es\/impressum\/#breadcrumb","itemListElement":[{"@type":"ListItem","position":1,"name":"Startseite","item":"https:\/\/pruefengel.de\/es\/"},{"@type":"ListItem","position":2,"name":"Pie de imprenta"}]},{"@type":"WebSite","@id":"https:\/\/pruefengel.de\/es\/#website","url":"https:\/\/pruefengel.de\/es\/","name":"Pr\u00fcfengel","description":"Wir testen Produkte!","publisher":{"@id":"https:\/\/pruefengel.de\/es\/#organization"},"potentialAction":[{"@type":"SearchAction","target":{"@type":"EntryPoint","urlTemplate":"https:\/\/pruefengel.de\/es\/?s={search_term_string}"},"query-input":{"@type":"PropertyValueSpecification","valueRequired":true,"valueName":"search_term_string"}}],"inLanguage":"es"},{"@type":"Organization","@id":"https:\/\/pruefengel.de\/es\/#organization","name":"Pr\u00fcfengel Institut","url":"https:\/\/pruefengel.de\/es\/","logo":{"@type":"ImageObject","inLanguage":"es","@id":"https:\/\/pruefengel.de\/es\/#\/schema\/logo\/image\/","url":"http:\/\/pruefengel.de\/wp-content\/uploads\/2022\/05\/Icon.png","contentUrl":"http:\/\/pruefengel.de\/wp-content\/uploads\/2022\/05\/Icon.png","width":2000,"height":1539,"caption":"Pr\u00fcfengel Institut"},"image":{"@id":"https:\/\/pruefengel.de\/es\/#\/schema\/logo\/image\/"}}]}},"uagb_featured_image_src":{"full":false,"thumbnail":false,"medium":false,"medium_large":false,"large":false,"1536x1536":false,"2048x2048":false},"uagb_author_info":{"display_name":"gfde6u7toit937z","author_link":"https:\/\/pruefengel.de\/es\/author\/gfde6u7toit937z\/"},"uagb_comment_info":0,"uagb_excerpt":null,"_links":{"self":[{"href":"https:\/\/pruefengel.de\/es\/wp-json\/wp\/v2\/pages\/109135","targetHints":{"allow":["GET"]}}],"collection":[{"href":"https:\/\/pruefengel.de\/es\/wp-json\/wp\/v2\/pages"}],"about":[{"href":"https:\/\/pruefengel.de\/es\/wp-json\/wp\/v2\/types\/page"}],"author":[{"embeddable":true,"href":"https:\/\/pruefengel.de\/es\/wp-json\/wp\/v2\/users\/1"}],"replies":[{"embeddable":true,"href":"https:\/\/pruefengel.de\/es\/wp-json\/wp\/v2\/comments?post=109135"}],"version-history":[{"count":4,"href":"https:\/\/pruefengel.de\/es\/wp-json\/wp\/v2\/pages\/109135\/revisions"}],"predecessor-version":[{"id":203741,"href":"https:\/\/pruefengel.de\/es\/wp-json\/wp\/v2\/pages\/109135\/revisions\/203741"}],"wp:attachment":[{"href":"https:\/\/pruefengel.de\/es\/wp-json\/wp\/v2\/media?parent=109135"}],"curies":[{"name":"wp","href":"https:\/\/api.w.org\/{rel}","templated":true}]}}