{"id":109096,"date":"2022-06-29T11:30:52","date_gmt":"2022-06-29T11:30:52","guid":{"rendered":"https:\/\/pruefengel.de\/cookie-einstellungen"},"modified":"2024-08-22T05:14:09","modified_gmt":"2024-08-22T05:14:09","slug":"cookie-einstellungen","status":"publish","type":"page","link":"https:\/\/pruefengel.de\/fr\/cookie-einstellungen\/","title":{"rendered":"Param\u00e8tres des cookies"},"content":{"rendered":"<style>#gspb_row-id-gsbp-45c9df0{justify-content:space-between;margin-top:0px;margin-bottom:0px;display:flex;flex-wrap:wrap;}#gspb_row-id-gsbp-45c9df0 > .gspb_row__content{display:flex;justify-content:space-between;margin:0 auto;width:100%;flex-wrap:wrap;}.gspb_row{position:relative;}div[id^=gspb_col-id]{box-sizing:border-box;position:relative;}div[id^=gspb_col-id]{padding:15px min(3vw,20px);}#gspb_row-id-gsbp-45c9df0 > .gspb_row__content{max-width:1032px;}#gspb_row-id-gsbp-45c9df0{margin-bottom:120px;}@media (max-width:991.98px){#gspb_row-id-gsbp-45c9df0{margin-bottom:80px;}}@media (max-width:575.98px){#gspb_row-id-gsbp-45c9df0{margin-bottom:40px;padding-bottom:40px;}}<\/style>\n<div class=\"wp-block-greenshift-blocks-row gspb_row gspb_row-id-gsbp-45c9df0\" id=\"gspb_row-id-gsbp-45c9df0\"><div class=\"gspb_row__content\"> <style>#gspb_col-id-gsbp-3ea2679.gspb_row__col--12{width:100%;}@media (max-width:575.98px){#gspb_col-id-gsbp-3ea2679.gspb_row__col--12{width:100%;}}<\/style>\n<div class=\"wp-block-greenshift-blocks-row-column gspb_row__col--12 gspb_col-id-gsbp-3ea2679\" id=\"gspb_col-id-gsbp-3ea2679\">\n<h2 class=\"wp-block-heading\" id=\"cookie-einstellungen-1\">Param\u00e8tres des cookies<\/h2>\n\n\n\n<p>Les cookies ont un impact sur le fonctionnement de notre site. Pour une meilleure exp\u00e9rience utilisateur, ils doivent \u00eatre activ\u00e9s.<\/p>\n\n\n\n<p>Vous pouvez modifier vos param\u00e8tres de cookies \u00e0 tout moment, afin que notre site puisse enregistrer des cookies dans votre navigateur ou les supprimer de votre navigateur. Pour ce faire, utilisez le lien suivant :<\/p>\n\n\n<p>[borlabs-cookie type=\u00a0\u00bbbtn-cookie-preference\u00a0\u00bb title=\u00a0\u00bbModifier les param\u00e8tres des cookies\u00a0\u00bb element=\u00a0\u00bblink\u00a0\u00bb\/]<\/p>\n<\/div>\n <\/div><\/div>\n","protected":false},"excerpt":{"rendered":"","protected":false},"author":1,"featured_media":0,"parent":0,"menu_order":0,"comment_status":"closed","ping_status":"closed","template":"no-title","meta":{"_acf_changed":false,"_gspb_post_css":"#gspb_row-id-gsbp-d1b2539{justify-content:space-between;margin-top:0;display:flex;flex-wrap:wrap;margin-bottom:120px}#gspb_row-id-gsbp-d1b2539>.gspb_row__content{display:flex;justify-content:space-between;margin:0 auto;width:100%;flex-wrap:wrap;max-width:1032px}.gspb_row{position:relative}div[id^=gspb_col-id]{padding:15px min(3vw,20px);box-sizing:border-box;position:relative}@media (max-width:991.98px){#gspb_row-id-gsbp-d1b2539{margin-bottom:80px}}@media (max-width:575.98px){#gspb_row-id-gsbp-d1b2539{margin-bottom:40px;padding-bottom:40px}}#gspb_col-id-gsbp-402aebd.gspb_row__col--12{width:100%}@media (max-width:575.98px){#gspb_col-id-gsbp-402aebd.gspb_row__col--12{width:100%}}","inline_featured_image":false,"_uag_custom_page_level_css":"","ub_ctt_via":"","footnotes":""},"class_list":["post-109096","page","type-page","status-publish","hentry"],"acf":[],"featured_image_src":null,"yoast_head":"<!-- This site is optimized with the Yoast SEO plugin v27.3 - https:\/\/yoast.com\/product\/yoast-seo-wordpress\/ -->\n<title>Param\u00e8tres des cookies - Pr\u00fcfengel<\/title>\n<meta name=\"description\" content=\"Param\u00e8tres des cookies Les cookies ont un impact sur le fonctionnement de notre site. Pour une meilleure exp\u00e9rience utilisateur, ils doivent \u00eatre activ\u00e9s.\" \/>\n<meta name=\"robots\" content=\"noindex, nofollow\" \/>\n<meta property=\"og:locale\" content=\"fr_FR\" \/>\n<meta property=\"og:type\" content=\"article\" \/>\n<meta property=\"og:title\" content=\"Param\u00e8tres des cookies - Pr\u00fcfengel\" \/>\n<meta property=\"og:description\" content=\"Param\u00e8tres des cookies Les cookies ont un impact sur le fonctionnement de notre site. Pour une meilleure exp\u00e9rience utilisateur, ils doivent \u00eatre activ\u00e9s.\" \/>\n<meta property=\"og:url\" content=\"https:\/\/pruefengel.de\/fr\/cookie-einstellungen\/\" \/>\n<meta property=\"og:site_name\" content=\"Pr\u00fcfengel\" \/>\n<meta property=\"article:modified_time\" content=\"2024-08-22T05:14:09+00:00\" \/>\n<meta name=\"twitter:card\" content=\"summary_large_image\" \/>\n<meta name=\"twitter:label1\" content=\"Dur\u00e9e de lecture estim\u00e9e\" \/>\n\t<meta name=\"twitter:data1\" content=\"1 minute\" \/>\n<script type=\"application\/ld+json\" class=\"yoast-schema-graph\">{\"@context\":\"https:\\\/\\\/schema.org\",\"@graph\":[{\"@type\":\"WebPage\",\"@id\":\"https:\\\/\\\/pruefengel.de\\\/fr\\\/cookie-einstellungen\\\/\",\"url\":\"https:\\\/\\\/pruefengel.de\\\/fr\\\/cookie-einstellungen\\\/\",\"name\":\"Param\u00e8tres des cookies - Pr\u00fcfengel\",\"isPartOf\":{\"@id\":\"https:\\\/\\\/pruefengel.de\\\/fr\\\/#website\"},\"datePublished\":\"2022-06-29T11:30:52+00:00\",\"dateModified\":\"2024-08-22T05:14:09+00:00\",\"description\":\"Param\u00e8tres des cookies Les cookies ont un impact sur le fonctionnement de notre site. Pour une meilleure exp\u00e9rience utilisateur, ils doivent \u00eatre activ\u00e9s.\",\"breadcrumb\":{\"@id\":\"https:\\\/\\\/pruefengel.de\\\/fr\\\/cookie-einstellungen\\\/#breadcrumb\"},\"inLanguage\":\"fr-FR\",\"potentialAction\":[{\"@type\":\"ReadAction\",\"target\":[\"https:\\\/\\\/pruefengel.de\\\/fr\\\/cookie-einstellungen\\\/\"]}]},{\"@type\":\"BreadcrumbList\",\"@id\":\"https:\\\/\\\/pruefengel.de\\\/fr\\\/cookie-einstellungen\\\/#breadcrumb\",\"itemListElement\":[{\"@type\":\"ListItem\",\"position\":1,\"name\":\"Startseite\",\"item\":\"https:\\\/\\\/pruefengel.de\\\/fr\\\/\"},{\"@type\":\"ListItem\",\"position\":2,\"name\":\"Param\u00e8tres des cookies\"}]},{\"@type\":\"WebSite\",\"@id\":\"https:\\\/\\\/pruefengel.de\\\/fr\\\/#website\",\"url\":\"https:\\\/\\\/pruefengel.de\\\/fr\\\/\",\"name\":\"Pr\u00fcfengel\",\"description\":\"Wir testen Produkte!\",\"publisher\":{\"@id\":\"https:\\\/\\\/pruefengel.de\\\/fr\\\/#organization\"},\"potentialAction\":[{\"@type\":\"SearchAction\",\"target\":{\"@type\":\"EntryPoint\",\"urlTemplate\":\"https:\\\/\\\/pruefengel.de\\\/fr\\\/?s={search_term_string}\"},\"query-input\":{\"@type\":\"PropertyValueSpecification\",\"valueRequired\":true,\"valueName\":\"search_term_string\"}}],\"inLanguage\":\"fr-FR\"},{\"@type\":\"Organization\",\"@id\":\"https:\\\/\\\/pruefengel.de\\\/fr\\\/#organization\",\"name\":\"Pr\u00fcfengel Institut\",\"url\":\"https:\\\/\\\/pruefengel.de\\\/fr\\\/\",\"logo\":{\"@type\":\"ImageObject\",\"inLanguage\":\"fr-FR\",\"@id\":\"https:\\\/\\\/pruefengel.de\\\/fr\\\/#\\\/schema\\\/logo\\\/image\\\/\",\"url\":\"http:\\\/\\\/pruefengel.de\\\/wp-content\\\/uploads\\\/2022\\\/05\\\/Icon.png\",\"contentUrl\":\"http:\\\/\\\/pruefengel.de\\\/wp-content\\\/uploads\\\/2022\\\/05\\\/Icon.png\",\"width\":2000,\"height\":1539,\"caption\":\"Pr\u00fcfengel Institut\"},\"image\":{\"@id\":\"https:\\\/\\\/pruefengel.de\\\/fr\\\/#\\\/schema\\\/logo\\\/image\\\/\"}}]}<\/script>\n<!-- \/ Yoast SEO plugin. -->","yoast_head_json":{"title":"Param\u00e8tres des cookies - Pr\u00fcfengel","description":"Param\u00e8tres des cookies Les cookies ont un impact sur le fonctionnement de notre site. Pour une meilleure exp\u00e9rience utilisateur, ils doivent \u00eatre activ\u00e9s.","robots":{"index":"noindex","follow":"nofollow"},"og_locale":"fr_FR","og_type":"article","og_title":"Param\u00e8tres des cookies - Pr\u00fcfengel","og_description":"Param\u00e8tres des cookies Les cookies ont un impact sur le fonctionnement de notre site. Pour une meilleure exp\u00e9rience utilisateur, ils doivent \u00eatre activ\u00e9s.","og_url":"https:\/\/pruefengel.de\/fr\/cookie-einstellungen\/","og_site_name":"Pr\u00fcfengel","article_modified_time":"2024-08-22T05:14:09+00:00","twitter_card":"summary_large_image","twitter_misc":{"Dur\u00e9e de lecture estim\u00e9e":"1 minute"},"schema":{"@context":"https:\/\/schema.org","@graph":[{"@type":"WebPage","@id":"https:\/\/pruefengel.de\/fr\/cookie-einstellungen\/","url":"https:\/\/pruefengel.de\/fr\/cookie-einstellungen\/","name":"Param\u00e8tres des cookies - Pr\u00fcfengel","isPartOf":{"@id":"https:\/\/pruefengel.de\/fr\/#website"},"datePublished":"2022-06-29T11:30:52+00:00","dateModified":"2024-08-22T05:14:09+00:00","description":"Param\u00e8tres des cookies Les cookies ont un impact sur le fonctionnement de notre site. Pour une meilleure exp\u00e9rience utilisateur, ils doivent \u00eatre activ\u00e9s.","breadcrumb":{"@id":"https:\/\/pruefengel.de\/fr\/cookie-einstellungen\/#breadcrumb"},"inLanguage":"fr-FR","potentialAction":[{"@type":"ReadAction","target":["https:\/\/pruefengel.de\/fr\/cookie-einstellungen\/"]}]},{"@type":"BreadcrumbList","@id":"https:\/\/pruefengel.de\/fr\/cookie-einstellungen\/#breadcrumb","itemListElement":[{"@type":"ListItem","position":1,"name":"Startseite","item":"https:\/\/pruefengel.de\/fr\/"},{"@type":"ListItem","position":2,"name":"Param\u00e8tres des cookies"}]},{"@type":"WebSite","@id":"https:\/\/pruefengel.de\/fr\/#website","url":"https:\/\/pruefengel.de\/fr\/","name":"Pr\u00fcfengel","description":"Wir testen Produkte!","publisher":{"@id":"https:\/\/pruefengel.de\/fr\/#organization"},"potentialAction":[{"@type":"SearchAction","target":{"@type":"EntryPoint","urlTemplate":"https:\/\/pruefengel.de\/fr\/?s={search_term_string}"},"query-input":{"@type":"PropertyValueSpecification","valueRequired":true,"valueName":"search_term_string"}}],"inLanguage":"fr-FR"},{"@type":"Organization","@id":"https:\/\/pruefengel.de\/fr\/#organization","name":"Pr\u00fcfengel Institut","url":"https:\/\/pruefengel.de\/fr\/","logo":{"@type":"ImageObject","inLanguage":"fr-FR","@id":"https:\/\/pruefengel.de\/fr\/#\/schema\/logo\/image\/","url":"http:\/\/pruefengel.de\/wp-content\/uploads\/2022\/05\/Icon.png","contentUrl":"http:\/\/pruefengel.de\/wp-content\/uploads\/2022\/05\/Icon.png","width":2000,"height":1539,"caption":"Pr\u00fcfengel Institut"},"image":{"@id":"https:\/\/pruefengel.de\/fr\/#\/schema\/logo\/image\/"}}]}},"uagb_featured_image_src":{"full":false,"thumbnail":false,"medium":false,"medium_large":false,"large":false,"1536x1536":false,"2048x2048":false},"uagb_author_info":{"display_name":"gfde6u7toit937z","author_link":"https:\/\/pruefengel.de\/fr\/author\/gfde6u7toit937z\/"},"uagb_comment_info":0,"uagb_excerpt":null,"_links":{"self":[{"href":"https:\/\/pruefengel.de\/fr\/wp-json\/wp\/v2\/pages\/109096","targetHints":{"allow":["GET"]}}],"collection":[{"href":"https:\/\/pruefengel.de\/fr\/wp-json\/wp\/v2\/pages"}],"about":[{"href":"https:\/\/pruefengel.de\/fr\/wp-json\/wp\/v2\/types\/page"}],"author":[{"embeddable":true,"href":"https:\/\/pruefengel.de\/fr\/wp-json\/wp\/v2\/users\/1"}],"replies":[{"embeddable":true,"href":"https:\/\/pruefengel.de\/fr\/wp-json\/wp\/v2\/comments?post=109096"}],"version-history":[{"count":7,"href":"https:\/\/pruefengel.de\/fr\/wp-json\/wp\/v2\/pages\/109096\/revisions"}],"predecessor-version":[{"id":163119,"href":"https:\/\/pruefengel.de\/fr\/wp-json\/wp\/v2\/pages\/109096\/revisions\/163119"}],"wp:attachment":[{"href":"https:\/\/pruefengel.de\/fr\/wp-json\/wp\/v2\/media?parent=109096"}],"curies":[{"name":"wp","href":"https:\/\/api.w.org\/{rel}","templated":true}]}}