{"id":109132,"date":"2024-05-25T20:33:59","date_gmt":"2024-05-25T18:33:59","guid":{"rendered":"https:\/\/pruefengel.de\/impressum"},"modified":"2025-02-08T19:21:18","modified_gmt":"2025-02-08T19:21:18","slug":"impressum","status":"publish","type":"page","link":"https:\/\/pruefengel.de\/fr\/impressum\/","title":{"rendered":"Mentions l\u00e9gales"},"content":{"rendered":"<style>#gspb_row-id-gsbp-9128828{justify-content:space-between;margin-top:0px;margin-bottom:0px;display:flex;flex-wrap:wrap;}#gspb_row-id-gsbp-9128828 > .gspb_row__content{display:flex;justify-content:space-between;margin:0 auto;width:100%;flex-wrap:wrap;}.gspb_row{position:relative;}div[id^=gspb_col-id]{box-sizing:border-box;position:relative;}div[id^=gspb_col-id]{padding:15px min(3vw,20px);}#gspb_row-id-gsbp-9128828 > .gspb_row__content{max-width:1032px;}#gspb_row-id-gsbp-9128828{margin-bottom:120px;}@media (max-width:991.98px){#gspb_row-id-gsbp-9128828{margin-bottom:80px;}}@media (max-width:575.98px){#gspb_row-id-gsbp-9128828{margin-bottom:40px;}}<\/style>\n<div class=\"wp-block-greenshift-blocks-row gspb_row gspb_row-id-gsbp-9128828\" id=\"gspb_row-id-gsbp-9128828\"><div class=\"gspb_row__content\"> <style>#gspb_col-id-gsbp-57e1bdc.gspb_row__col--12{width:100%;}@media (max-width:575.98px){#gspb_col-id-gsbp-57e1bdc.gspb_row__col--12{width:100%;}}<\/style>\n<div class=\"wp-block-greenshift-blocks-row-column gspb_row__col--12 gspb_col-id-gsbp-57e1bdc\" id=\"gspb_col-id-gsbp-57e1bdc\">\n<h2 class=\"wp-block-heading\" id=\"impressum\">Mentions l\u00e9gales<\/h2>\n\n\n\n<p><strong>Informations selon \u00a7 5 TMG<\/strong><\/p>\n\n\n\n<p>Pr\u00fcfengel GmbH<br><em>(veuillez <strong><u>ne pas<\/u><\/strong> envoyer de produits \u00e0 cette adresse)<\/em><br>19, rue de l&rsquo;Empereur<br>97070 W\u00fcrzburg<\/p>\n\n\n\n<p>Tribunal d&rsquo;enregistrement : Tribunal d&rsquo;instance de W\u00fcrzburg<br>Num\u00e9ro d&rsquo;enregistrement : HRB 16356<\/p>\n\n\n\n<p>Num\u00e9ro d&rsquo;identification de la taxe sur le chiffre d&rsquo;affaires conform\u00e9ment au \u00a7 27 a de la loi sur la taxe sur le chiffre d&rsquo;affaires : DE354416336<\/p>\n\n\n\n<p>Repr\u00e9sent\u00e9 par :<br>Micha Rienecker, Benno Klos<\/p>\n\n\n\n<p><strong>Contact<br><\/strong>T\u00e9l\u00e9phone : 0931\/8008021-0<br>Courrier \u00e9lectronique : rechtsabteilung@pruefengel.de<\/p>\n\n\n\n<p><strong>Responsable de la r\u00e9daction<\/strong><\/p>\n\n\n\n<p>Micha Rienecker<br>19, rue de l&rsquo;Empereur<br>97070 W\u00fcrzburg<br>Allemagne<\/p>\n\n\n\n<p><strong>R\u00e8glement des litiges de l&rsquo;UE<\/strong><\/p>\n\n\n\n<p>La Commission europ\u00e9enne met \u00e0 disposition une plateforme de r\u00e8glement en ligne des litiges (RLL) :<br><a href=\"https:\/\/ec.europa.eu\/consumers\/odr\/\">https:\/\/ec.europa.eu\/consumers\/odr\/.<\/a><br>Vous trouverez notre adresse e-mail en haut de la page des mentions l\u00e9gales.<\/p>\n\n\n\n<p><strong>R\u00e8glement des litiges de consommation<\/strong><\/p>\n\n\n\n<p>Nous participons \u00e0 une proc\u00e9dure de r\u00e8glement des litiges devant un organisme de conciliation des consommateurs. L&rsquo;organisme comp\u00e9tent est l&rsquo;organisme de conciliation universel du Zentrums f\u00fcr Schlichtung e.V., Strassburger Stra\u00dfe 8, 77694 Kehl am<\/p>\n\n\n\n<p>Rhin<a href=\"https:\/\/www.verbraucher-schlichter.de\/\">(https:\/\/www.verbraucher-schlichter.de)<\/a>.<\/p>\n\n\n\n<p><strong>Mentions l\u00e9gales<\/strong><\/p>\n\n\n\n<p>Toutes les informations de notre offre Internet ont \u00e9t\u00e9 soigneusement v\u00e9rifi\u00e9es. Nous nous effor\u00e7ons de proposer des informations actuelles, correctes et compl\u00e8tes. Toutefois, l&rsquo;apparition d&rsquo;erreurs ne peut pas \u00eatre totalement exclue. Nous ne pouvons donc pas garantir l&rsquo;exhaustivit\u00e9, l&rsquo;exactitude et l&rsquo;actualit\u00e9.<\/p>\n\n\n\n<p>L&rsquo;\u00e9diteur peut, \u00e0 sa seule discr\u00e9tion, modifier et\/ou interrompre l&rsquo;exploitation de ce site web \u00e0 tout moment et sans pr\u00e9avis. Il n&rsquo;est pas tenu de mettre \u00e0 jour le contenu de ce site.<\/p>\n\n\n\n<p>L&rsquo;acc\u00e8s \u00e0 ce site et son utilisation se font aux risques et p\u00e9rils de l&rsquo;utilisateur. Le Pr\u00fcfengel GmbH n&rsquo;est pas responsable et n&rsquo;assume aucune responsabilit\u00e9 pour les dommages, entre autres les dommages directs, indirects, accidentels, \u00e0 d\u00e9terminer concr\u00e8tement \u00e0 l&rsquo;avance ou cons\u00e9cutifs, qui seraient survenus en raison de l&rsquo;acc\u00e8s et\/ou de l&rsquo;utilisation de ce site Internet ou en relation avec celui-ci.<\/p>\n\n\n\n<p>L&rsquo;exploitant n&rsquo;est pas responsable du contenu et de la disponibilit\u00e9 des sites web de tiers accessibles par des liens externes de cette offre d&rsquo;information. L&rsquo;\u00e9diteur se distancie express\u00e9ment de tous les contenus susceptibles de relever du droit p\u00e9nal ou de la responsabilit\u00e9 civile ou de porter atteinte aux bonnes m\u0153urs.<\/p>\n\n\n\n<p>Lors de la demande de contenus de cette offre Internet, des donn\u00e9es d&rsquo;acc\u00e8s sont enregistr\u00e9es. Il s&rsquo;agit de donn\u00e9es concernant la page \u00e0 partir de laquelle le fichier a \u00e9t\u00e9 demand\u00e9, le nom du fichier demand\u00e9, la date, l&rsquo;heure et la dur\u00e9e de la demande, la quantit\u00e9 de donn\u00e9es transmises ainsi que le statut d&rsquo;acc\u00e8s (par ex. fichier transmis, fichier non trouv\u00e9). Ces donn\u00e9es enregistr\u00e9es sont exclusivement analys\u00e9es \u00e0 des fins statistiques et ne sont en aucun cas transmises \u00e0 des tiers.<\/p>\n\n\n\n<p>Dans la mesure o\u00f9 l&rsquo;offre Internet permet d&rsquo;entrer des donn\u00e9es personnelles ou professionnelles (adresses e-mail, noms, adresses), la divulgation de ces donn\u00e9es par l&rsquo;utilisateur se fait express\u00e9ment sur une base volontaire.<\/p>\n\n\n\n<p>Les liens marqu\u00e9s d&rsquo;un ast\u00e9risque (*) sont des liens de commission vers des offres externes. Si vous cliquez sur un tel lien et que vous effectuez un achat via ce lien, nous recevons une commission du fournisseur. Le prix ne change pas dans ce cas.<\/p>\n<\/div>\n <\/div><\/div>\n","protected":false},"excerpt":{"rendered":"","protected":false},"author":1,"featured_media":0,"parent":0,"menu_order":0,"comment_status":"closed","ping_status":"closed","template":"no-title","meta":{"_acf_changed":false,"_gspb_post_css":"#gspb_row-id-gsbp-d1b2539{justify-content:space-between;margin-top:0;display:flex;flex-wrap:wrap;margin-bottom:120px}#gspb_row-id-gsbp-d1b2539>.gspb_row__content{display:flex;justify-content:space-between;margin:0 auto;width:100%;flex-wrap:wrap;max-width:1032px}.gspb_row{position:relative}div[id^=gspb_col-id]{box-sizing:border-box;position:relative;padding:15px min(3vw,20px)}@media (max-width:991.98px){#gspb_row-id-gsbp-d1b2539{margin-bottom:80px}}@media (max-width:575.98px){#gspb_row-id-gsbp-d1b2539{margin-bottom:40px}}#gspb_col-id-gsbp-402aebd.gspb_row__col--12{width:100%}@media (max-width:575.98px){#gspb_col-id-gsbp-402aebd.gspb_row__col--12{width:100%}}","inline_featured_image":false,"_uag_custom_page_level_css":"","ub_ctt_via":"","footnotes":""},"class_list":["post-109132","page","type-page","status-publish","hentry"],"acf":[],"featured_image_src":null,"yoast_head":"<!-- This site is optimized with the Yoast SEO plugin v27.3 - https:\/\/yoast.com\/product\/yoast-seo-wordpress\/ -->\n<title>Mentions l\u00e9gales - Pr\u00fcfengel<\/title>\n<meta name=\"description\" content=\"Mentions l\u00e9gales Informations selon \u00a7 5 TMG Pr\u00fcfengel GmbH(veuillez ne pas envoyer de produits \u00e0 cette adresse)19, rue de l&#039;Empereur97070 W\u00fcrzburg\" \/>\n<meta name=\"robots\" content=\"noindex, nofollow\" \/>\n<meta property=\"og:locale\" content=\"fr_FR\" \/>\n<meta property=\"og:type\" content=\"article\" \/>\n<meta property=\"og:title\" content=\"Mentions l\u00e9gales - Pr\u00fcfengel\" \/>\n<meta property=\"og:description\" content=\"Mentions l\u00e9gales Informations selon \u00a7 5 TMG Pr\u00fcfengel GmbH(veuillez ne pas envoyer de produits \u00e0 cette adresse)19, rue de l&#039;Empereur97070 W\u00fcrzburg\" \/>\n<meta property=\"og:url\" content=\"https:\/\/pruefengel.de\/fr\/impressum\/\" \/>\n<meta property=\"og:site_name\" content=\"Pr\u00fcfengel\" \/>\n<meta property=\"article:modified_time\" content=\"2025-02-08T19:21:18+00:00\" \/>\n<meta name=\"twitter:card\" content=\"summary_large_image\" \/>\n<meta name=\"twitter:label1\" content=\"Dur\u00e9e de lecture estim\u00e9e\" \/>\n\t<meta name=\"twitter:data1\" content=\"2 minutes\" \/>\n<script type=\"application\/ld+json\" class=\"yoast-schema-graph\">{\"@context\":\"https:\\\/\\\/schema.org\",\"@graph\":[{\"@type\":\"WebPage\",\"@id\":\"https:\\\/\\\/pruefengel.de\\\/fr\\\/impressum\\\/\",\"url\":\"https:\\\/\\\/pruefengel.de\\\/fr\\\/impressum\\\/\",\"name\":\"Mentions l\u00e9gales - Pr\u00fcfengel\",\"isPartOf\":{\"@id\":\"https:\\\/\\\/pruefengel.de\\\/fr\\\/#website\"},\"datePublished\":\"2024-05-25T18:33:59+00:00\",\"dateModified\":\"2025-02-08T19:21:18+00:00\",\"description\":\"Mentions l\u00e9gales Informations selon \u00a7 5 TMG Pr\u00fcfengel GmbH(veuillez ne pas envoyer de produits \u00e0 cette adresse)19, rue de l'Empereur97070 W\u00fcrzburg\",\"breadcrumb\":{\"@id\":\"https:\\\/\\\/pruefengel.de\\\/fr\\\/impressum\\\/#breadcrumb\"},\"inLanguage\":\"fr-FR\",\"potentialAction\":[{\"@type\":\"ReadAction\",\"target\":[\"https:\\\/\\\/pruefengel.de\\\/fr\\\/impressum\\\/\"]}]},{\"@type\":\"BreadcrumbList\",\"@id\":\"https:\\\/\\\/pruefengel.de\\\/fr\\\/impressum\\\/#breadcrumb\",\"itemListElement\":[{\"@type\":\"ListItem\",\"position\":1,\"name\":\"Startseite\",\"item\":\"https:\\\/\\\/pruefengel.de\\\/fr\\\/\"},{\"@type\":\"ListItem\",\"position\":2,\"name\":\"Mentions l\u00e9gales\"}]},{\"@type\":\"WebSite\",\"@id\":\"https:\\\/\\\/pruefengel.de\\\/fr\\\/#website\",\"url\":\"https:\\\/\\\/pruefengel.de\\\/fr\\\/\",\"name\":\"Pr\u00fcfengel\",\"description\":\"Wir testen Produkte!\",\"publisher\":{\"@id\":\"https:\\\/\\\/pruefengel.de\\\/fr\\\/#organization\"},\"potentialAction\":[{\"@type\":\"SearchAction\",\"target\":{\"@type\":\"EntryPoint\",\"urlTemplate\":\"https:\\\/\\\/pruefengel.de\\\/fr\\\/?s={search_term_string}\"},\"query-input\":{\"@type\":\"PropertyValueSpecification\",\"valueRequired\":true,\"valueName\":\"search_term_string\"}}],\"inLanguage\":\"fr-FR\"},{\"@type\":\"Organization\",\"@id\":\"https:\\\/\\\/pruefengel.de\\\/fr\\\/#organization\",\"name\":\"Pr\u00fcfengel Institut\",\"url\":\"https:\\\/\\\/pruefengel.de\\\/fr\\\/\",\"logo\":{\"@type\":\"ImageObject\",\"inLanguage\":\"fr-FR\",\"@id\":\"https:\\\/\\\/pruefengel.de\\\/fr\\\/#\\\/schema\\\/logo\\\/image\\\/\",\"url\":\"http:\\\/\\\/pruefengel.de\\\/wp-content\\\/uploads\\\/2022\\\/05\\\/Icon.png\",\"contentUrl\":\"http:\\\/\\\/pruefengel.de\\\/wp-content\\\/uploads\\\/2022\\\/05\\\/Icon.png\",\"width\":2000,\"height\":1539,\"caption\":\"Pr\u00fcfengel Institut\"},\"image\":{\"@id\":\"https:\\\/\\\/pruefengel.de\\\/fr\\\/#\\\/schema\\\/logo\\\/image\\\/\"}}]}<\/script>\n<!-- \/ Yoast SEO plugin. -->","yoast_head_json":{"title":"Mentions l\u00e9gales - Pr\u00fcfengel","description":"Mentions l\u00e9gales Informations selon \u00a7 5 TMG Pr\u00fcfengel GmbH(veuillez ne pas envoyer de produits \u00e0 cette adresse)19, rue de l'Empereur97070 W\u00fcrzburg","robots":{"index":"noindex","follow":"nofollow"},"og_locale":"fr_FR","og_type":"article","og_title":"Mentions l\u00e9gales - Pr\u00fcfengel","og_description":"Mentions l\u00e9gales Informations selon \u00a7 5 TMG Pr\u00fcfengel GmbH(veuillez ne pas envoyer de produits \u00e0 cette adresse)19, rue de l'Empereur97070 W\u00fcrzburg","og_url":"https:\/\/pruefengel.de\/fr\/impressum\/","og_site_name":"Pr\u00fcfengel","article_modified_time":"2025-02-08T19:21:18+00:00","twitter_card":"summary_large_image","twitter_misc":{"Dur\u00e9e de lecture estim\u00e9e":"2 minutes"},"schema":{"@context":"https:\/\/schema.org","@graph":[{"@type":"WebPage","@id":"https:\/\/pruefengel.de\/fr\/impressum\/","url":"https:\/\/pruefengel.de\/fr\/impressum\/","name":"Mentions l\u00e9gales - Pr\u00fcfengel","isPartOf":{"@id":"https:\/\/pruefengel.de\/fr\/#website"},"datePublished":"2024-05-25T18:33:59+00:00","dateModified":"2025-02-08T19:21:18+00:00","description":"Mentions l\u00e9gales Informations selon \u00a7 5 TMG Pr\u00fcfengel GmbH(veuillez ne pas envoyer de produits \u00e0 cette adresse)19, rue de l'Empereur97070 W\u00fcrzburg","breadcrumb":{"@id":"https:\/\/pruefengel.de\/fr\/impressum\/#breadcrumb"},"inLanguage":"fr-FR","potentialAction":[{"@type":"ReadAction","target":["https:\/\/pruefengel.de\/fr\/impressum\/"]}]},{"@type":"BreadcrumbList","@id":"https:\/\/pruefengel.de\/fr\/impressum\/#breadcrumb","itemListElement":[{"@type":"ListItem","position":1,"name":"Startseite","item":"https:\/\/pruefengel.de\/fr\/"},{"@type":"ListItem","position":2,"name":"Mentions l\u00e9gales"}]},{"@type":"WebSite","@id":"https:\/\/pruefengel.de\/fr\/#website","url":"https:\/\/pruefengel.de\/fr\/","name":"Pr\u00fcfengel","description":"Wir testen Produkte!","publisher":{"@id":"https:\/\/pruefengel.de\/fr\/#organization"},"potentialAction":[{"@type":"SearchAction","target":{"@type":"EntryPoint","urlTemplate":"https:\/\/pruefengel.de\/fr\/?s={search_term_string}"},"query-input":{"@type":"PropertyValueSpecification","valueRequired":true,"valueName":"search_term_string"}}],"inLanguage":"fr-FR"},{"@type":"Organization","@id":"https:\/\/pruefengel.de\/fr\/#organization","name":"Pr\u00fcfengel Institut","url":"https:\/\/pruefengel.de\/fr\/","logo":{"@type":"ImageObject","inLanguage":"fr-FR","@id":"https:\/\/pruefengel.de\/fr\/#\/schema\/logo\/image\/","url":"http:\/\/pruefengel.de\/wp-content\/uploads\/2022\/05\/Icon.png","contentUrl":"http:\/\/pruefengel.de\/wp-content\/uploads\/2022\/05\/Icon.png","width":2000,"height":1539,"caption":"Pr\u00fcfengel Institut"},"image":{"@id":"https:\/\/pruefengel.de\/fr\/#\/schema\/logo\/image\/"}}]}},"uagb_featured_image_src":{"full":false,"thumbnail":false,"medium":false,"medium_large":false,"large":false,"1536x1536":false,"2048x2048":false},"uagb_author_info":{"display_name":"gfde6u7toit937z","author_link":"https:\/\/pruefengel.de\/fr\/author\/gfde6u7toit937z\/"},"uagb_comment_info":0,"uagb_excerpt":null,"_links":{"self":[{"href":"https:\/\/pruefengel.de\/fr\/wp-json\/wp\/v2\/pages\/109132","targetHints":{"allow":["GET"]}}],"collection":[{"href":"https:\/\/pruefengel.de\/fr\/wp-json\/wp\/v2\/pages"}],"about":[{"href":"https:\/\/pruefengel.de\/fr\/wp-json\/wp\/v2\/types\/page"}],"author":[{"embeddable":true,"href":"https:\/\/pruefengel.de\/fr\/wp-json\/wp\/v2\/users\/1"}],"replies":[{"embeddable":true,"href":"https:\/\/pruefengel.de\/fr\/wp-json\/wp\/v2\/comments?post=109132"}],"version-history":[{"count":5,"href":"https:\/\/pruefengel.de\/fr\/wp-json\/wp\/v2\/pages\/109132\/revisions"}],"predecessor-version":[{"id":203712,"href":"https:\/\/pruefengel.de\/fr\/wp-json\/wp\/v2\/pages\/109132\/revisions\/203712"}],"wp:attachment":[{"href":"https:\/\/pruefengel.de\/fr\/wp-json\/wp\/v2\/media?parent=109132"}],"curies":[{"name":"wp","href":"https:\/\/api.w.org\/{rel}","templated":true}]}}