{"id":109133,"date":"2024-05-25T20:33:59","date_gmt":"2024-05-25T18:33:59","guid":{"rendered":"https:\/\/pruefengel.de\/impressum"},"modified":"2025-02-08T20:39:35","modified_gmt":"2025-02-08T20:39:35","slug":"impressum","status":"publish","type":"page","link":"https:\/\/pruefengel.de\/it\/impressum\/","title":{"rendered":"Impronta"},"content":{"rendered":"<style>#gspb_row-id-gsbp-d1b2539{justify-content:space-between;margin-top:0px;margin-bottom:0px;display:flex;flex-wrap:wrap;}#gspb_row-id-gsbp-d1b2539 > .gspb_row__content{display:flex;justify-content:space-between;margin:0 auto;width:100%;flex-wrap:wrap;}.gspb_row{position:relative;}div[id^=gspb_col-id]{box-sizing:border-box;position:relative;}div[id^=gspb_col-id]{padding:15px min(3vw,20px);}#gspb_row-id-gsbp-d1b2539 > .gspb_row__content{max-width:1032px;}#gspb_row-id-gsbp-d1b2539{margin-bottom:120px;}@media (max-width:991.98px){#gspb_row-id-gsbp-d1b2539{margin-bottom:80px;}}@media (max-width:575.98px){#gspb_row-id-gsbp-d1b2539{margin-bottom:40px;}}<\/style>\n<div class=\"wp-block-greenshift-blocks-row gspb_row gspb_row-id-gsbp-d1b2539\" id=\"gspb_row-id-gsbp-d1b2539\"><div class=\"gspb_row__content\"> <style>#gspb_col-id-gsbp-402aebd.gspb_row__col--12{width:100%;}@media (max-width:575.98px){#gspb_col-id-gsbp-402aebd.gspb_row__col--12{width:100%;}}<\/style>\n<div class=\"wp-block-greenshift-blocks-row-column gspb_row__col--12 gspb_col-id-gsbp-402aebd\" id=\"gspb_col-id-gsbp-402aebd\">\n<h2 class=\"wp-block-heading\" id=\"impressum\">Impronta<\/h2>\n\n\n\n<p><strong>Informazioni ai sensi del \u00a7 5 TMG<\/strong><\/p>\n\n\n\n<p>Pr\u00fcfengel GmbH<br><em>(si prega di <strong><u>non<\/u><\/strong> inviare prodotti a questo indirizzo)<\/em><br>Kaiserstrasse 19<br>97070 W\u00fcrzburg<\/p>\n\n\n\n<p>Tribunale del registro: Tribunale locale di W\u00fcrzburg<br>Numero di registro: HRB 16356<\/p>\n\n\n\n<p>Numero di identificazione dell&#8217;imposta sul valore aggiunto ai sensi del \u00a7 27 a della legge sull&#8217;imposta sul valore aggiunto: DE354416336<\/p>\n\n\n\n<p>Rappresentato da:<br>Micha Rienecker, Benno Klos<\/p>\n\n\n\n<p><strong><br>Telefono<\/strong><strong>di contatto<\/strong>: 0931\/8008021-0<br>E-mail: rechtsabteilung@pruefengel.de<\/p>\n\n\n\n<p><strong>Responsabile editoriale<\/strong><\/p>\n\n\n\n<p>Micha Rienecker<br>Kaiserstrasse 19<br>97070 W\u00fcrzburg<br>Germania<\/p>\n\n\n\n<p><strong>Risoluzione delle controversie nell&#8217;UE<\/strong><\/p>\n\n\n\n<p>La Commissione europea offre una piattaforma per la risoluzione delle controversie online (ODR):<br><a href=\"https:\/\/ec.europa.eu\/consumers\/odr\/\">https:\/\/ec.europa.eu\/consumers\/odr\/.<\/a><br>Il nostro indirizzo e-mail \u00e8 riportato nella nota legale di cui sopra.<\/p>\n\n\n\n<p><strong>Risoluzione delle controversie dei consumatori<\/strong><\/p>\n\n\n\n<p>Partecipiamo a una procedura di risoluzione delle controversie davanti a un collegio arbitrale dei consumatori. Il collegio arbitrale universale del Zentrum f\u00fcr Schlichtung e.V., Stra\u00dfburger Stra\u00dfe 8, 77694 Kehl am<\/p>\n\n\n\n<p>Reno<a href=\"https:\/\/www.verbraucher-schlichter.de\/\">(https:\/\/www.verbraucher-schlichter.de)<\/a>.<\/p>\n\n\n\n<p><strong>Informazioni legali<\/strong><\/p>\n\n\n\n<p>Tutte le informazioni presenti sul nostro sito web sono state attentamente controllate. Ci sforziamo di mantenere queste informazioni aggiornate, corrette e complete. Tuttavia, non \u00e8 possibile escludere completamente il verificarsi di errori. Non \u00e8 pertanto possibile garantire la completezza, la correttezza e l&#8217;attualit\u00e0 delle informazioni.<\/p>\n\n\n\n<p>L&#8217;editore pu\u00f2 modificare e\/o interrompere il funzionamento di questo sito web in qualsiasi momento, a propria discrezione e senza preavviso. Non \u00e8 obbligato ad aggiornare i contenuti di questo sito web.<\/p>\n\n\n\n<p>L&#8217;accesso e l&#8217;utilizzo di questo sito web \u00e8 a rischio e pericolo dell&#8217;utente. Il Pr\u00fcfengel GmbH non \u00e8 responsabile e non si assume alcuna responsabilit\u00e0 per eventuali danni, compresi quelli diretti, indiretti, incidentali, consequenziali o speciali, che si presume siano stati causati da o in relazione all&#8217;accesso e\/o all&#8217;uso di questo sito web.<\/p>\n\n\n\n<p>L&#8217;editore non si assume alcuna responsabilit\u00e0 per il contenuto e la disponibilit\u00e0 di siti web di terzi a cui si pu\u00f2 accedere tramite link esterni su questo sito. L&#8217;editore prende espressamente le distanze da tutti i contenuti che possono essere rilevanti ai sensi del diritto penale o della responsabilit\u00e0 civile o offendere il buon costume.<\/p>\n\n\n\n<p>Quando viene richiesto del contenuto da questo sito web, vengono memorizzati i dati di accesso. Si tratta di dati relativi alla pagina da cui \u00e8 stato richiesto il file, al nome del file richiesto, alla data, all&#8217;ora e alla durata della richiesta, alla quantit\u00e0 di dati trasferiti e allo stato di accesso (ad es. file trasferito, file non trovato). Questi dati memorizzati vengono analizzati esclusivamente a fini statistici e non vengono in alcun modo trasmessi a terzi.<\/p>\n\n\n\n<p>Se viene data la possibilit\u00e0 di inserire dati personali o aziendali (indirizzi e-mail, nomi, indirizzi), l&#8217;inserimento di questi dati avviene volontariamente.<\/p>\n\n\n\n<p>I link contrassegnati da un asterisco (*) sono link di commissione a offerte esterne. Se si fa clic su un link di questo tipo e si effettua un acquisto tramite questo link, riceviamo una commissione dal fornitore. Il prezzo non cambia.<\/p>\n<\/div>\n <\/div><\/div>\n","protected":false},"excerpt":{"rendered":"","protected":false},"author":1,"featured_media":0,"parent":0,"menu_order":0,"comment_status":"closed","ping_status":"closed","template":"no-title","meta":{"_acf_changed":false,"_gspb_post_css":"#gspb_row-id-gsbp-d1b2539{justify-content:space-between;margin-top:0;display:flex;flex-wrap:wrap;margin-bottom:120px}#gspb_row-id-gsbp-d1b2539>.gspb_row__content{display:flex;justify-content:space-between;margin:0 auto;width:100%;flex-wrap:wrap;max-width:1032px}.gspb_row{position:relative}div[id^=gspb_col-id]{box-sizing:border-box;position:relative;padding:15px min(3vw,20px)}@media (max-width:991.98px){#gspb_row-id-gsbp-d1b2539{margin-bottom:80px}}@media (max-width:575.98px){#gspb_row-id-gsbp-d1b2539{margin-bottom:40px}}#gspb_col-id-gsbp-402aebd.gspb_row__col--12{width:100%}@media (max-width:575.98px){#gspb_col-id-gsbp-402aebd.gspb_row__col--12{width:100%}}","inline_featured_image":false,"_uag_custom_page_level_css":"","ub_ctt_via":"","footnotes":""},"class_list":["post-109133","page","type-page","status-publish","hentry"],"acf":[],"featured_image_src":null,"yoast_head":"<!-- This site is optimized with the Yoast SEO plugin v27.4 - https:\/\/yoast.com\/product\/yoast-seo-wordpress\/ -->\n<title>Impronta - Pr\u00fcfengel<\/title>\n<meta name=\"description\" content=\"Impronta Informazioni ai sensi del \u00a7 5 TMG Pr\u00fcfengel GmbH(si prega di non inviare prodotti a questo indirizzo)Kaiserstrasse 1997070 W\u00fcrzburg Tribunale del\" \/>\n<meta name=\"robots\" content=\"noindex, nofollow\" \/>\n<meta property=\"og:locale\" content=\"it_IT\" \/>\n<meta property=\"og:type\" content=\"article\" \/>\n<meta property=\"og:title\" content=\"Impronta - Pr\u00fcfengel\" \/>\n<meta property=\"og:description\" content=\"Impronta Informazioni ai sensi del \u00a7 5 TMG Pr\u00fcfengel GmbH(si prega di non inviare prodotti a questo indirizzo)Kaiserstrasse 1997070 W\u00fcrzburg Tribunale del\" \/>\n<meta property=\"og:url\" content=\"https:\/\/pruefengel.de\/it\/impressum\/\" \/>\n<meta property=\"og:site_name\" content=\"Pr\u00fcfengel\" \/>\n<meta property=\"article:modified_time\" content=\"2025-02-08T20:39:35+00:00\" \/>\n<meta name=\"twitter:card\" content=\"summary_large_image\" \/>\n<meta name=\"twitter:label1\" content=\"Tempo di lettura stimato\" \/>\n\t<meta name=\"twitter:data1\" content=\"2 minuti\" \/>\n<script type=\"application\/ld+json\" class=\"yoast-schema-graph\">{\"@context\":\"https:\\\/\\\/schema.org\",\"@graph\":[{\"@type\":\"WebPage\",\"@id\":\"https:\\\/\\\/pruefengel.de\\\/it\\\/impressum\\\/\",\"url\":\"https:\\\/\\\/pruefengel.de\\\/it\\\/impressum\\\/\",\"name\":\"Impronta - Pr\u00fcfengel\",\"isPartOf\":{\"@id\":\"https:\\\/\\\/pruefengel.de\\\/it\\\/#website\"},\"datePublished\":\"2024-05-25T18:33:59+00:00\",\"dateModified\":\"2025-02-08T20:39:35+00:00\",\"description\":\"Impronta Informazioni ai sensi del \u00a7 5 TMG Pr\u00fcfengel GmbH(si prega di non inviare prodotti a questo indirizzo)Kaiserstrasse 1997070 W\u00fcrzburg Tribunale del\",\"breadcrumb\":{\"@id\":\"https:\\\/\\\/pruefengel.de\\\/it\\\/impressum\\\/#breadcrumb\"},\"inLanguage\":\"it-IT\",\"potentialAction\":[{\"@type\":\"ReadAction\",\"target\":[\"https:\\\/\\\/pruefengel.de\\\/it\\\/impressum\\\/\"]}]},{\"@type\":\"BreadcrumbList\",\"@id\":\"https:\\\/\\\/pruefengel.de\\\/it\\\/impressum\\\/#breadcrumb\",\"itemListElement\":[{\"@type\":\"ListItem\",\"position\":1,\"name\":\"Startseite\",\"item\":\"https:\\\/\\\/pruefengel.de\\\/it\\\/\"},{\"@type\":\"ListItem\",\"position\":2,\"name\":\"Impronta\"}]},{\"@type\":\"WebSite\",\"@id\":\"https:\\\/\\\/pruefengel.de\\\/it\\\/#website\",\"url\":\"https:\\\/\\\/pruefengel.de\\\/it\\\/\",\"name\":\"Pr\u00fcfengel\",\"description\":\"Wir testen Produkte!\",\"publisher\":{\"@id\":\"https:\\\/\\\/pruefengel.de\\\/it\\\/#organization\"},\"potentialAction\":[{\"@type\":\"SearchAction\",\"target\":{\"@type\":\"EntryPoint\",\"urlTemplate\":\"https:\\\/\\\/pruefengel.de\\\/it\\\/?s={search_term_string}\"},\"query-input\":{\"@type\":\"PropertyValueSpecification\",\"valueRequired\":true,\"valueName\":\"search_term_string\"}}],\"inLanguage\":\"it-IT\"},{\"@type\":\"Organization\",\"@id\":\"https:\\\/\\\/pruefengel.de\\\/it\\\/#organization\",\"name\":\"Pr\u00fcfengel Institut\",\"url\":\"https:\\\/\\\/pruefengel.de\\\/it\\\/\",\"logo\":{\"@type\":\"ImageObject\",\"inLanguage\":\"it-IT\",\"@id\":\"https:\\\/\\\/pruefengel.de\\\/it\\\/#\\\/schema\\\/logo\\\/image\\\/\",\"url\":\"http:\\\/\\\/pruefengel.de\\\/wp-content\\\/uploads\\\/2022\\\/05\\\/Icon.png\",\"contentUrl\":\"http:\\\/\\\/pruefengel.de\\\/wp-content\\\/uploads\\\/2022\\\/05\\\/Icon.png\",\"width\":2000,\"height\":1539,\"caption\":\"Pr\u00fcfengel Institut\"},\"image\":{\"@id\":\"https:\\\/\\\/pruefengel.de\\\/it\\\/#\\\/schema\\\/logo\\\/image\\\/\"}}]}<\/script>\n<!-- \/ Yoast SEO plugin. -->","yoast_head_json":{"title":"Impronta - Pr\u00fcfengel","description":"Impronta Informazioni ai sensi del \u00a7 5 TMG Pr\u00fcfengel GmbH(si prega di non inviare prodotti a questo indirizzo)Kaiserstrasse 1997070 W\u00fcrzburg Tribunale del","robots":{"index":"noindex","follow":"nofollow"},"og_locale":"it_IT","og_type":"article","og_title":"Impronta - Pr\u00fcfengel","og_description":"Impronta Informazioni ai sensi del \u00a7 5 TMG Pr\u00fcfengel GmbH(si prega di non inviare prodotti a questo indirizzo)Kaiserstrasse 1997070 W\u00fcrzburg Tribunale del","og_url":"https:\/\/pruefengel.de\/it\/impressum\/","og_site_name":"Pr\u00fcfengel","article_modified_time":"2025-02-08T20:39:35+00:00","twitter_card":"summary_large_image","twitter_misc":{"Tempo di lettura stimato":"2 minuti"},"schema":{"@context":"https:\/\/schema.org","@graph":[{"@type":"WebPage","@id":"https:\/\/pruefengel.de\/it\/impressum\/","url":"https:\/\/pruefengel.de\/it\/impressum\/","name":"Impronta - Pr\u00fcfengel","isPartOf":{"@id":"https:\/\/pruefengel.de\/it\/#website"},"datePublished":"2024-05-25T18:33:59+00:00","dateModified":"2025-02-08T20:39:35+00:00","description":"Impronta Informazioni ai sensi del \u00a7 5 TMG Pr\u00fcfengel GmbH(si prega di non inviare prodotti a questo indirizzo)Kaiserstrasse 1997070 W\u00fcrzburg Tribunale del","breadcrumb":{"@id":"https:\/\/pruefengel.de\/it\/impressum\/#breadcrumb"},"inLanguage":"it-IT","potentialAction":[{"@type":"ReadAction","target":["https:\/\/pruefengel.de\/it\/impressum\/"]}]},{"@type":"BreadcrumbList","@id":"https:\/\/pruefengel.de\/it\/impressum\/#breadcrumb","itemListElement":[{"@type":"ListItem","position":1,"name":"Startseite","item":"https:\/\/pruefengel.de\/it\/"},{"@type":"ListItem","position":2,"name":"Impronta"}]},{"@type":"WebSite","@id":"https:\/\/pruefengel.de\/it\/#website","url":"https:\/\/pruefengel.de\/it\/","name":"Pr\u00fcfengel","description":"Wir testen Produkte!","publisher":{"@id":"https:\/\/pruefengel.de\/it\/#organization"},"potentialAction":[{"@type":"SearchAction","target":{"@type":"EntryPoint","urlTemplate":"https:\/\/pruefengel.de\/it\/?s={search_term_string}"},"query-input":{"@type":"PropertyValueSpecification","valueRequired":true,"valueName":"search_term_string"}}],"inLanguage":"it-IT"},{"@type":"Organization","@id":"https:\/\/pruefengel.de\/it\/#organization","name":"Pr\u00fcfengel Institut","url":"https:\/\/pruefengel.de\/it\/","logo":{"@type":"ImageObject","inLanguage":"it-IT","@id":"https:\/\/pruefengel.de\/it\/#\/schema\/logo\/image\/","url":"http:\/\/pruefengel.de\/wp-content\/uploads\/2022\/05\/Icon.png","contentUrl":"http:\/\/pruefengel.de\/wp-content\/uploads\/2022\/05\/Icon.png","width":2000,"height":1539,"caption":"Pr\u00fcfengel Institut"},"image":{"@id":"https:\/\/pruefengel.de\/it\/#\/schema\/logo\/image\/"}}]}},"uagb_featured_image_src":{"full":false,"thumbnail":false,"medium":false,"medium_large":false,"large":false,"1536x1536":false,"2048x2048":false},"uagb_author_info":{"display_name":"gfde6u7toit937z","author_link":"https:\/\/pruefengel.de\/it\/author\/gfde6u7toit937z\/"},"uagb_comment_info":0,"uagb_excerpt":null,"_links":{"self":[{"href":"https:\/\/pruefengel.de\/it\/wp-json\/wp\/v2\/pages\/109133","targetHints":{"allow":["GET"]}}],"collection":[{"href":"https:\/\/pruefengel.de\/it\/wp-json\/wp\/v2\/pages"}],"about":[{"href":"https:\/\/pruefengel.de\/it\/wp-json\/wp\/v2\/types\/page"}],"author":[{"embeddable":true,"href":"https:\/\/pruefengel.de\/it\/wp-json\/wp\/v2\/users\/1"}],"replies":[{"embeddable":true,"href":"https:\/\/pruefengel.de\/it\/wp-json\/wp\/v2\/comments?post=109133"}],"version-history":[{"count":4,"href":"https:\/\/pruefengel.de\/it\/wp-json\/wp\/v2\/pages\/109133\/revisions"}],"predecessor-version":[{"id":203728,"href":"https:\/\/pruefengel.de\/it\/wp-json\/wp\/v2\/pages\/109133\/revisions\/203728"}],"wp:attachment":[{"href":"https:\/\/pruefengel.de\/it\/wp-json\/wp\/v2\/media?parent=109133"}],"curies":[{"name":"wp","href":"https:\/\/api.w.org\/{rel}","templated":true}]}}