{"id":109098,"date":"2022-06-29T11:30:52","date_gmt":"2022-06-29T11:30:52","guid":{"rendered":"https:\/\/pruefengel.de\/cookie-einstellungen"},"modified":"2024-08-22T05:23:41","modified_gmt":"2024-08-22T05:23:41","slug":"cookie-einstellungen","status":"publish","type":"page","link":"https:\/\/pruefengel.de\/pl\/cookie-einstellungen\/","title":{"rendered":"Ustawienia plik\u00f3w cookie"},"content":{"rendered":"<style>#gspb_row-id-gsbp-d1b2539{justify-content:space-between;margin-top:0px;margin-bottom:0px;display:flex;flex-wrap:wrap;}#gspb_row-id-gsbp-d1b2539 > .gspb_row__content{display:flex;justify-content:space-between;margin:0 auto;width:100%;flex-wrap:wrap;}.gspb_row{position:relative;}div[id^=gspb_col-id]{box-sizing:border-box;position:relative;}div[id^=gspb_col-id]{padding:15px min(3vw,20px);}#gspb_row-id-gsbp-d1b2539 > .gspb_row__content{max-width:1032px;}#gspb_row-id-gsbp-d1b2539{margin-bottom:120px;}@media (max-width:991.98px){#gspb_row-id-gsbp-d1b2539{margin-bottom:80px;}}@media (max-width:575.98px){#gspb_row-id-gsbp-d1b2539{margin-bottom:40px;padding-bottom:40px;}}<\/style>\n<div class=\"wp-block-greenshift-blocks-row gspb_row gspb_row-id-gsbp-d1b2539\" id=\"gspb_row-id-gsbp-d1b2539\"><div class=\"gspb_row__content\"> <style>#gspb_col-id-gsbp-402aebd.gspb_row__col--12{width:100%;}@media (max-width:575.98px){#gspb_col-id-gsbp-402aebd.gspb_row__col--12{width:100%;}}<\/style>\n<div class=\"wp-block-greenshift-blocks-row-column gspb_row__col--12 gspb_col-id-gsbp-402aebd\" id=\"gspb_col-id-gsbp-402aebd\">\n<h2 class=\"wp-block-heading\" id=\"cookie-einstellungen-1\">Ustawienia plik\u00f3w cookie<\/h2>\n\n\n\n<p>Pliki cookie wp\u0142ywaj\u0105 na spos\u00f3b dzia\u0142ania naszej witryny. Powinny by\u0107 w\u0142\u0105czone, aby zapewni\u0107 najlepsze wra\u017cenia u\u017cytkownika.<\/p>\n\n\n\n<p>Mo\u017cesz zmieni\u0107 ustawienia plik\u00f3w cookie w dowolnym momencie, aby nasza witryna mog\u0142a przechowywa\u0107 pliki cookie w przegl\u0105darce lub usun\u0105\u0107 je z przegl\u0105darki. W tym celu nale\u017cy skorzysta\u0107 z poni\u017cszego \u0142\u0105cza:<\/p>\n\n\n<p>[borlabs-cookie type=&#8221;btn-cookie-preference&#8221; title=&#8221;Zmie\u0144 ustawienia plik\u00f3w cookie&#8221; element=&#8221;link&#8221;\/].<\/p>\n<\/div>\n <\/div><\/div>\n","protected":false},"excerpt":{"rendered":"","protected":false},"author":1,"featured_media":0,"parent":0,"menu_order":0,"comment_status":"closed","ping_status":"closed","template":"no-title","meta":{"_acf_changed":false,"_gspb_post_css":"#gspb_row-id-gsbp-d1b2539{justify-content:space-between;margin-top:0;display:flex;flex-wrap:wrap;margin-bottom:120px}#gspb_row-id-gsbp-d1b2539>.gspb_row__content{display:flex;justify-content:space-between;margin:0 auto;width:100%;flex-wrap:wrap;max-width:1032px}.gspb_row{position:relative}div[id^=gspb_col-id]{padding:15px min(3vw,20px);box-sizing:border-box;position:relative}@media (max-width:991.98px){#gspb_row-id-gsbp-d1b2539{margin-bottom:80px}}@media (max-width:575.98px){#gspb_row-id-gsbp-d1b2539{margin-bottom:40px;padding-bottom:40px}}#gspb_col-id-gsbp-402aebd.gspb_row__col--12{width:100%}@media (max-width:575.98px){#gspb_col-id-gsbp-402aebd.gspb_row__col--12{width:100%}}","inline_featured_image":false,"_uag_custom_page_level_css":"","ub_ctt_via":"","footnotes":""},"class_list":["post-109098","page","type-page","status-publish","hentry"],"acf":[],"featured_image_src":null,"yoast_head":"<!-- This site is optimized with the Yoast SEO plugin v27.3 - https:\/\/yoast.com\/product\/yoast-seo-wordpress\/ -->\n<title>Ustawienia plik\u00f3w cookie - Pr\u00fcfengel<\/title>\n<meta name=\"description\" content=\"Ustawienia plik\u00f3w cookie Pliki cookie wp\u0142ywaj\u0105 na spos\u00f3b dzia\u0142ania naszej witryny. Powinny by\u0107 w\u0142\u0105czone, aby zapewni\u0107 najlepsze wra\u017cenia u\u017cytkownika.\" \/>\n<meta name=\"robots\" content=\"noindex, nofollow\" \/>\n<meta property=\"og:locale\" content=\"pl_PL\" \/>\n<meta property=\"og:type\" content=\"article\" \/>\n<meta property=\"og:title\" content=\"Ustawienia plik\u00f3w cookie - Pr\u00fcfengel\" \/>\n<meta property=\"og:description\" content=\"Ustawienia plik\u00f3w cookie Pliki cookie wp\u0142ywaj\u0105 na spos\u00f3b dzia\u0142ania naszej witryny. Powinny by\u0107 w\u0142\u0105czone, aby zapewni\u0107 najlepsze wra\u017cenia u\u017cytkownika.\" \/>\n<meta property=\"og:url\" content=\"https:\/\/pruefengel.de\/pl\/cookie-einstellungen\/\" \/>\n<meta property=\"og:site_name\" content=\"Pr\u00fcfengel\" \/>\n<meta property=\"article:modified_time\" content=\"2024-08-22T05:23:41+00:00\" \/>\n<meta name=\"twitter:card\" content=\"summary_large_image\" \/>\n<meta name=\"twitter:label1\" content=\"Szacowany czas czytania\" \/>\n\t<meta name=\"twitter:data1\" content=\"1 minuta\" \/>\n<script type=\"application\/ld+json\" class=\"yoast-schema-graph\">{\"@context\":\"https:\\\/\\\/schema.org\",\"@graph\":[{\"@type\":\"WebPage\",\"@id\":\"https:\\\/\\\/pruefengel.de\\\/pl\\\/cookie-einstellungen\\\/\",\"url\":\"https:\\\/\\\/pruefengel.de\\\/pl\\\/cookie-einstellungen\\\/\",\"name\":\"Ustawienia plik\u00f3w cookie - Pr\u00fcfengel\",\"isPartOf\":{\"@id\":\"https:\\\/\\\/pruefengel.de\\\/pl\\\/#website\"},\"datePublished\":\"2022-06-29T11:30:52+00:00\",\"dateModified\":\"2024-08-22T05:23:41+00:00\",\"description\":\"Ustawienia plik\u00f3w cookie Pliki cookie wp\u0142ywaj\u0105 na spos\u00f3b dzia\u0142ania naszej witryny. Powinny by\u0107 w\u0142\u0105czone, aby zapewni\u0107 najlepsze wra\u017cenia u\u017cytkownika.\",\"breadcrumb\":{\"@id\":\"https:\\\/\\\/pruefengel.de\\\/pl\\\/cookie-einstellungen\\\/#breadcrumb\"},\"inLanguage\":\"pl-PL\",\"potentialAction\":[{\"@type\":\"ReadAction\",\"target\":[\"https:\\\/\\\/pruefengel.de\\\/pl\\\/cookie-einstellungen\\\/\"]}]},{\"@type\":\"BreadcrumbList\",\"@id\":\"https:\\\/\\\/pruefengel.de\\\/pl\\\/cookie-einstellungen\\\/#breadcrumb\",\"itemListElement\":[{\"@type\":\"ListItem\",\"position\":1,\"name\":\"Startseite\",\"item\":\"https:\\\/\\\/pruefengel.de\\\/pl\\\/\"},{\"@type\":\"ListItem\",\"position\":2,\"name\":\"Ustawienia plik\u00f3w cookie\"}]},{\"@type\":\"WebSite\",\"@id\":\"https:\\\/\\\/pruefengel.de\\\/pl\\\/#website\",\"url\":\"https:\\\/\\\/pruefengel.de\\\/pl\\\/\",\"name\":\"Pr\u00fcfengel\",\"description\":\"Wir testen Produkte!\",\"publisher\":{\"@id\":\"https:\\\/\\\/pruefengel.de\\\/pl\\\/#organization\"},\"potentialAction\":[{\"@type\":\"SearchAction\",\"target\":{\"@type\":\"EntryPoint\",\"urlTemplate\":\"https:\\\/\\\/pruefengel.de\\\/pl\\\/?s={search_term_string}\"},\"query-input\":{\"@type\":\"PropertyValueSpecification\",\"valueRequired\":true,\"valueName\":\"search_term_string\"}}],\"inLanguage\":\"pl-PL\"},{\"@type\":\"Organization\",\"@id\":\"https:\\\/\\\/pruefengel.de\\\/pl\\\/#organization\",\"name\":\"Pr\u00fcfengel Institut\",\"url\":\"https:\\\/\\\/pruefengel.de\\\/pl\\\/\",\"logo\":{\"@type\":\"ImageObject\",\"inLanguage\":\"pl-PL\",\"@id\":\"https:\\\/\\\/pruefengel.de\\\/pl\\\/#\\\/schema\\\/logo\\\/image\\\/\",\"url\":\"http:\\\/\\\/pruefengel.de\\\/wp-content\\\/uploads\\\/2022\\\/05\\\/Icon.png\",\"contentUrl\":\"http:\\\/\\\/pruefengel.de\\\/wp-content\\\/uploads\\\/2022\\\/05\\\/Icon.png\",\"width\":2000,\"height\":1539,\"caption\":\"Pr\u00fcfengel Institut\"},\"image\":{\"@id\":\"https:\\\/\\\/pruefengel.de\\\/pl\\\/#\\\/schema\\\/logo\\\/image\\\/\"}}]}<\/script>\n<!-- \/ Yoast SEO plugin. -->","yoast_head_json":{"title":"Ustawienia plik\u00f3w cookie - Pr\u00fcfengel","description":"Ustawienia plik\u00f3w cookie Pliki cookie wp\u0142ywaj\u0105 na spos\u00f3b dzia\u0142ania naszej witryny. Powinny by\u0107 w\u0142\u0105czone, aby zapewni\u0107 najlepsze wra\u017cenia u\u017cytkownika.","robots":{"index":"noindex","follow":"nofollow"},"og_locale":"pl_PL","og_type":"article","og_title":"Ustawienia plik\u00f3w cookie - Pr\u00fcfengel","og_description":"Ustawienia plik\u00f3w cookie Pliki cookie wp\u0142ywaj\u0105 na spos\u00f3b dzia\u0142ania naszej witryny. Powinny by\u0107 w\u0142\u0105czone, aby zapewni\u0107 najlepsze wra\u017cenia u\u017cytkownika.","og_url":"https:\/\/pruefengel.de\/pl\/cookie-einstellungen\/","og_site_name":"Pr\u00fcfengel","article_modified_time":"2024-08-22T05:23:41+00:00","twitter_card":"summary_large_image","twitter_misc":{"Szacowany czas czytania":"1 minuta"},"schema":{"@context":"https:\/\/schema.org","@graph":[{"@type":"WebPage","@id":"https:\/\/pruefengel.de\/pl\/cookie-einstellungen\/","url":"https:\/\/pruefengel.de\/pl\/cookie-einstellungen\/","name":"Ustawienia plik\u00f3w cookie - Pr\u00fcfengel","isPartOf":{"@id":"https:\/\/pruefengel.de\/pl\/#website"},"datePublished":"2022-06-29T11:30:52+00:00","dateModified":"2024-08-22T05:23:41+00:00","description":"Ustawienia plik\u00f3w cookie Pliki cookie wp\u0142ywaj\u0105 na spos\u00f3b dzia\u0142ania naszej witryny. Powinny by\u0107 w\u0142\u0105czone, aby zapewni\u0107 najlepsze wra\u017cenia u\u017cytkownika.","breadcrumb":{"@id":"https:\/\/pruefengel.de\/pl\/cookie-einstellungen\/#breadcrumb"},"inLanguage":"pl-PL","potentialAction":[{"@type":"ReadAction","target":["https:\/\/pruefengel.de\/pl\/cookie-einstellungen\/"]}]},{"@type":"BreadcrumbList","@id":"https:\/\/pruefengel.de\/pl\/cookie-einstellungen\/#breadcrumb","itemListElement":[{"@type":"ListItem","position":1,"name":"Startseite","item":"https:\/\/pruefengel.de\/pl\/"},{"@type":"ListItem","position":2,"name":"Ustawienia plik\u00f3w cookie"}]},{"@type":"WebSite","@id":"https:\/\/pruefengel.de\/pl\/#website","url":"https:\/\/pruefengel.de\/pl\/","name":"Pr\u00fcfengel","description":"Wir testen Produkte!","publisher":{"@id":"https:\/\/pruefengel.de\/pl\/#organization"},"potentialAction":[{"@type":"SearchAction","target":{"@type":"EntryPoint","urlTemplate":"https:\/\/pruefengel.de\/pl\/?s={search_term_string}"},"query-input":{"@type":"PropertyValueSpecification","valueRequired":true,"valueName":"search_term_string"}}],"inLanguage":"pl-PL"},{"@type":"Organization","@id":"https:\/\/pruefengel.de\/pl\/#organization","name":"Pr\u00fcfengel Institut","url":"https:\/\/pruefengel.de\/pl\/","logo":{"@type":"ImageObject","inLanguage":"pl-PL","@id":"https:\/\/pruefengel.de\/pl\/#\/schema\/logo\/image\/","url":"http:\/\/pruefengel.de\/wp-content\/uploads\/2022\/05\/Icon.png","contentUrl":"http:\/\/pruefengel.de\/wp-content\/uploads\/2022\/05\/Icon.png","width":2000,"height":1539,"caption":"Pr\u00fcfengel Institut"},"image":{"@id":"https:\/\/pruefengel.de\/pl\/#\/schema\/logo\/image\/"}}]}},"uagb_featured_image_src":{"full":false,"thumbnail":false,"medium":false,"medium_large":false,"large":false,"1536x1536":false,"2048x2048":false},"uagb_author_info":{"display_name":"gfde6u7toit937z","author_link":"https:\/\/pruefengel.de\/pl\/author\/gfde6u7toit937z\/"},"uagb_comment_info":0,"uagb_excerpt":null,"_links":{"self":[{"href":"https:\/\/pruefengel.de\/pl\/wp-json\/wp\/v2\/pages\/109098","targetHints":{"allow":["GET"]}}],"collection":[{"href":"https:\/\/pruefengel.de\/pl\/wp-json\/wp\/v2\/pages"}],"about":[{"href":"https:\/\/pruefengel.de\/pl\/wp-json\/wp\/v2\/types\/page"}],"author":[{"embeddable":true,"href":"https:\/\/pruefengel.de\/pl\/wp-json\/wp\/v2\/users\/1"}],"replies":[{"embeddable":true,"href":"https:\/\/pruefengel.de\/pl\/wp-json\/wp\/v2\/comments?post=109098"}],"version-history":[{"count":2,"href":"https:\/\/pruefengel.de\/pl\/wp-json\/wp\/v2\/pages\/109098\/revisions"}],"predecessor-version":[{"id":163189,"href":"https:\/\/pruefengel.de\/pl\/wp-json\/wp\/v2\/pages\/109098\/revisions\/163189"}],"wp:attachment":[{"href":"https:\/\/pruefengel.de\/pl\/wp-json\/wp\/v2\/media?parent=109098"}],"curies":[{"name":"wp","href":"https:\/\/api.w.org\/{rel}","templated":true}]}}