{"id":109134,"date":"2024-05-25T20:33:59","date_gmt":"2024-05-25T18:33:59","guid":{"rendered":"https:\/\/pruefengel.de\/impressum"},"modified":"2025-02-08T20:51:06","modified_gmt":"2025-02-08T20:51:06","slug":"impressum","status":"publish","type":"page","link":"https:\/\/pruefengel.de\/pl\/impressum\/","title":{"rendered":"Odcisk"},"content":{"rendered":"<style>#gspb_row-id-gsbp-d1b2539{justify-content:space-between;margin-top:0px;margin-bottom:0px;display:flex;flex-wrap:wrap;}#gspb_row-id-gsbp-d1b2539 > .gspb_row__content{display:flex;justify-content:space-between;margin:0 auto;width:100%;flex-wrap:wrap;}.gspb_row{position:relative;}div[id^=gspb_col-id]{box-sizing:border-box;position:relative;}div[id^=gspb_col-id]{padding:15px min(3vw,20px);}#gspb_row-id-gsbp-d1b2539 > .gspb_row__content{max-width:1032px;}#gspb_row-id-gsbp-d1b2539{margin-bottom:120px;}@media (max-width:991.98px){#gspb_row-id-gsbp-d1b2539{margin-bottom:80px;}}@media (max-width:575.98px){#gspb_row-id-gsbp-d1b2539{margin-bottom:40px;}}<\/style>\n<div class=\"wp-block-greenshift-blocks-row gspb_row gspb_row-id-gsbp-d1b2539\" id=\"gspb_row-id-gsbp-d1b2539\"><div class=\"gspb_row__content\"> <style>#gspb_col-id-gsbp-402aebd.gspb_row__col--12{width:100%;}@media (max-width:575.98px){#gspb_col-id-gsbp-402aebd.gspb_row__col--12{width:100%;}}<\/style>\n<div class=\"wp-block-greenshift-blocks-row-column gspb_row__col--12 gspb_col-id-gsbp-402aebd\" id=\"gspb_col-id-gsbp-402aebd\">\n<h2 class=\"wp-block-heading\" id=\"impressum\">Odcisk<\/h2>\n\n\n\n<p><strong>Informacje zgodnie z \u00a7 5 TMG<\/strong><\/p>\n\n\n\n<p>Pr\u00fcfengel GmbH<br><em>(prosimy o <strong><u>niewysy\u0142anie<\/u><\/strong> \u017cadnych produkt\u00f3w na ten adres)<\/em><br>Kaiserstrasse 19<br>97070 W\u00fcrzburg<\/p>\n\n\n\n<p>S\u0105d rejestrowy: s\u0105d rejonowy w W\u00fcrzburgu<br>Numer rejestru: HRB 16356<\/p>\n\n\n\n<p>Numer identyfikacyjny podatku od warto\u015bci dodanej zgodnie z \u00a7 27 a ustawy o podatku od warto\u015bci dodanej: DE354416336<\/p>\n\n\n\n<p>Reprezentowani przez:<br>Micha Rienecker, Benno Klos<\/p>\n\n\n\n<p><strong><br>Telefon<\/strong><strong>kontaktowy<\/strong>: 0931\/8008021-0<br>E-mail: rechtsabteilung@pruefengel.de<\/p>\n\n\n\n<p><strong>Odpowiedzialno\u015b\u0107 redakcyjna<\/strong><\/p>\n\n\n\n<p>Micha Rienecker<br>Kaiserstrasse 19<br>97070 W\u00fcrzburg<br>Niemcy<\/p>\n\n\n\n<p><strong>Rozstrzyganie spor\u00f3w w UE<\/strong><\/p>\n\n\n\n<p>Komisja Europejska zapewnia platform\u0119 internetowego rozstrzygania spor\u00f3w (ODR):<br><a href=\"https:\/\/ec.europa.eu\/consumers\/odr\/\">https:\/\/ec.europa.eu\/consumers\/odr\/.<\/a><br>Nasz adres e-mail mo\u017cna znale\u017a\u0107 w powy\u017cszej nocie prawnej.<\/p>\n\n\n\n<p><strong>Rozstrzyganie spor\u00f3w konsumenckich<\/strong><\/p>\n\n\n\n<p>Uczestniczymy w procedurze rozstrzygania spor\u00f3w przed komisj\u0105 arbitra\u017cow\u0105 ds. konsument\u00f3w. Powszechny s\u0105d polubowny przy Zentrum f\u00fcr Schlichtung e.V., Stra\u00dfburger Stra\u00dfe 8, 77694 Kehl am<\/p>\n\n\n\n<p>Ren<a href=\"https:\/\/www.verbraucher-schlichter.de\/\">(https:\/\/www.verbraucher-schlichter.de)<\/a>.<\/p>\n\n\n\n<p><strong>Informacje prawne<\/strong><\/p>\n\n\n\n<p>Wszystkie informacje na naszej stronie internetowej zosta\u0142y dok\u0142adnie sprawdzone. Dok\u0142adamy wszelkich stara\u0144, aby informacje te by\u0142y aktualne, prawid\u0142owe i kompletne. Niemniej jednak nie mo\u017cna ca\u0142kowicie wykluczy\u0107 wyst\u0105pienia b\u0142\u0119d\u00f3w. W zwi\u0105zku z tym nie mo\u017cemy zagwarantowa\u0107 kompletno\u015bci, poprawno\u015bci i aktualno\u015bci informacji.<\/p>\n\n\n\n<p>Wydawca mo\u017ce zmodyfikowa\u0107 i\/lub zaprzesta\u0107 dzia\u0142ania tej strony internetowej w dowolnym momencie wed\u0142ug w\u0142asnego uznania i bez uprzedzenia. Nie jest zobowi\u0105zany do aktualizowania zawarto\u015bci tej strony.<\/p>\n\n\n\n<p>U\u017cytkownik uzyskuje dost\u0119p do niniejszej witryny internetowej i korzysta z niej na w\u0142asne ryzyko. Pr\u00fcfengel GmbH nie ponosi odpowiedzialno\u015bci za jakiekolwiek szkody, w tym bezpo\u015brednie, po\u015brednie, przypadkowe, wt\u00f3rne lub specjalne, kt\u00f3re rzekomo zosta\u0142y spowodowane przez lub w zwi\u0105zku z dost\u0119pem i\/lub korzystaniem z tej strony internetowej.<\/p>\n\n\n\n<p>Wydawca nie ponosi odpowiedzialno\u015bci za tre\u015b\u0107 i dost\u0119pno\u015b\u0107 stron internetowych os\u00f3b trzecich, do kt\u00f3rych mo\u017cna uzyska\u0107 dost\u0119p za po\u015brednictwem zewn\u0119trznych link\u00f3w na tej stronie. Wydawca wyra\u017anie dystansuje si\u0119 od wszelkich tre\u015bci, kt\u00f3re mog\u0105 by\u0107 istotne w \u015bwietle prawa karnego lub prawa o odpowiedzialno\u015bci cywilnej lub obra\u017ca\u0107 zwyk\u0142e przyzwoito\u015bci.<\/p>\n\n\n\n<p>W przypadku \u017c\u0105dania tre\u015bci z tej strony internetowej przechowywane s\u0105 dane dost\u0119pu. S\u0105 to dane dotycz\u0105ce strony, z kt\u00f3rej za\u017c\u0105dano pliku, nazwy \u017c\u0105danego pliku, daty, godziny i czasu trwania \u017c\u0105dania, ilo\u015bci przes\u0142anych danych oraz statusu dost\u0119pu (np. plik przes\u0142any, plik nie znaleziony). Te przechowywane dane s\u0105 analizowane wy\u0142\u0105cznie do cel\u00f3w statystycznych i w \u017cadnym wypadku nie s\u0105 przekazywane stronom trzecim.<\/p>\n\n\n\n<p>Je\u015bli istnieje mo\u017cliwo\u015b\u0107 wprowadzenia danych osobowych lub biznesowych (adres\u00f3w e-mail, nazwisk, adres\u00f3w), wprowadzenie tych danych odbywa si\u0119 dobrowolnie.<\/p>\n\n\n\n<p>Linki oznaczone gwiazdk\u0105 (*) s\u0105 linkami prowizyjnymi do ofert zewn\u0119trznych. Je\u015bli klikniesz taki link i dokonasz zakupu za jego po\u015brednictwem, otrzymamy prowizj\u0119 od dostawcy. Cena nie ulega zmianie.<\/p>\n<\/div>\n <\/div><\/div>\n","protected":false},"excerpt":{"rendered":"","protected":false},"author":1,"featured_media":0,"parent":0,"menu_order":0,"comment_status":"closed","ping_status":"closed","template":"no-title","meta":{"_acf_changed":false,"_gspb_post_css":"#gspb_row-id-gsbp-d1b2539{justify-content:space-between;margin-top:0;display:flex;flex-wrap:wrap;margin-bottom:120px}#gspb_row-id-gsbp-d1b2539>.gspb_row__content{display:flex;justify-content:space-between;margin:0 auto;width:100%;flex-wrap:wrap;max-width:1032px}.gspb_row{position:relative}div[id^=gspb_col-id]{box-sizing:border-box;position:relative;padding:15px min(3vw,20px)}@media (max-width:991.98px){#gspb_row-id-gsbp-d1b2539{margin-bottom:80px}}@media (max-width:575.98px){#gspb_row-id-gsbp-d1b2539{margin-bottom:40px}}#gspb_col-id-gsbp-402aebd.gspb_row__col--12{width:100%}@media (max-width:575.98px){#gspb_col-id-gsbp-402aebd.gspb_row__col--12{width:100%}}","inline_featured_image":false,"_uag_custom_page_level_css":"","ub_ctt_via":"","footnotes":""},"class_list":["post-109134","page","type-page","status-publish","hentry"],"acf":[],"featured_image_src":null,"yoast_head":"<!-- This site is optimized with the Yoast SEO plugin v27.6 - https:\/\/yoast.com\/product\/yoast-seo-wordpress\/ -->\n<title>Odcisk - Pr\u00fcfengel<\/title>\n<meta name=\"description\" content=\"Odcisk Informacje zgodnie z \u00a7 5 TMG Pr\u00fcfengel GmbH(prosimy o niewysy\u0142anie \u017cadnych produkt\u00f3w na ten adres)Kaiserstrasse 1997070 W\u00fcrzburg S\u0105d rejestrowy:\" \/>\n<meta name=\"robots\" content=\"noindex, nofollow\" \/>\n<meta property=\"og:locale\" content=\"pl_PL\" \/>\n<meta property=\"og:type\" content=\"article\" \/>\n<meta property=\"og:title\" content=\"Odcisk - Pr\u00fcfengel\" \/>\n<meta property=\"og:description\" content=\"Odcisk Informacje zgodnie z \u00a7 5 TMG Pr\u00fcfengel GmbH(prosimy o niewysy\u0142anie \u017cadnych produkt\u00f3w na ten adres)Kaiserstrasse 1997070 W\u00fcrzburg S\u0105d rejestrowy:\" \/>\n<meta property=\"og:url\" content=\"https:\/\/pruefengel.de\/pl\/impressum\/\" \/>\n<meta property=\"og:site_name\" content=\"Pr\u00fcfengel\" \/>\n<meta property=\"article:modified_time\" content=\"2025-02-08T20:51:06+00:00\" \/>\n<meta name=\"twitter:card\" content=\"summary_large_image\" \/>\n<meta name=\"twitter:label1\" content=\"Szacowany czas czytania\" \/>\n\t<meta name=\"twitter:data1\" content=\"2 minuty\" \/>\n<script type=\"application\/ld+json\" class=\"yoast-schema-graph\">{\"@context\":\"https:\\\/\\\/schema.org\",\"@graph\":[{\"@type\":\"WebPage\",\"@id\":\"https:\\\/\\\/pruefengel.de\\\/pl\\\/impressum\\\/\",\"url\":\"https:\\\/\\\/pruefengel.de\\\/pl\\\/impressum\\\/\",\"name\":\"Odcisk - Pr\u00fcfengel\",\"isPartOf\":{\"@id\":\"https:\\\/\\\/pruefengel.de\\\/pl\\\/#website\"},\"datePublished\":\"2024-05-25T18:33:59+00:00\",\"dateModified\":\"2025-02-08T20:51:06+00:00\",\"description\":\"Odcisk Informacje zgodnie z \u00a7 5 TMG Pr\u00fcfengel GmbH(prosimy o niewysy\u0142anie \u017cadnych produkt\u00f3w na ten adres)Kaiserstrasse 1997070 W\u00fcrzburg S\u0105d rejestrowy:\",\"breadcrumb\":{\"@id\":\"https:\\\/\\\/pruefengel.de\\\/pl\\\/impressum\\\/#breadcrumb\"},\"inLanguage\":\"pl-PL\",\"potentialAction\":[{\"@type\":\"ReadAction\",\"target\":[\"https:\\\/\\\/pruefengel.de\\\/pl\\\/impressum\\\/\"]}]},{\"@type\":\"BreadcrumbList\",\"@id\":\"https:\\\/\\\/pruefengel.de\\\/pl\\\/impressum\\\/#breadcrumb\",\"itemListElement\":[{\"@type\":\"ListItem\",\"position\":1,\"name\":\"Startseite\",\"item\":\"https:\\\/\\\/pruefengel.de\\\/pl\\\/\"},{\"@type\":\"ListItem\",\"position\":2,\"name\":\"Odcisk\"}]},{\"@type\":\"WebSite\",\"@id\":\"https:\\\/\\\/pruefengel.de\\\/pl\\\/#website\",\"url\":\"https:\\\/\\\/pruefengel.de\\\/pl\\\/\",\"name\":\"Pr\u00fcfengel\",\"description\":\"Wir testen Produkte!\",\"publisher\":{\"@id\":\"https:\\\/\\\/pruefengel.de\\\/pl\\\/#organization\"},\"potentialAction\":[{\"@type\":\"SearchAction\",\"target\":{\"@type\":\"EntryPoint\",\"urlTemplate\":\"https:\\\/\\\/pruefengel.de\\\/pl\\\/?s={search_term_string}\"},\"query-input\":{\"@type\":\"PropertyValueSpecification\",\"valueRequired\":true,\"valueName\":\"search_term_string\"}}],\"inLanguage\":\"pl-PL\"},{\"@type\":\"Organization\",\"@id\":\"https:\\\/\\\/pruefengel.de\\\/pl\\\/#organization\",\"name\":\"Pr\u00fcfengel Institut\",\"url\":\"https:\\\/\\\/pruefengel.de\\\/pl\\\/\",\"logo\":{\"@type\":\"ImageObject\",\"inLanguage\":\"pl-PL\",\"@id\":\"https:\\\/\\\/pruefengel.de\\\/pl\\\/#\\\/schema\\\/logo\\\/image\\\/\",\"url\":\"http:\\\/\\\/pruefengel.de\\\/wp-content\\\/uploads\\\/2022\\\/05\\\/Icon.png\",\"contentUrl\":\"http:\\\/\\\/pruefengel.de\\\/wp-content\\\/uploads\\\/2022\\\/05\\\/Icon.png\",\"width\":2000,\"height\":1539,\"caption\":\"Pr\u00fcfengel Institut\"},\"image\":{\"@id\":\"https:\\\/\\\/pruefengel.de\\\/pl\\\/#\\\/schema\\\/logo\\\/image\\\/\"}}]}<\/script>\n<!-- \/ Yoast SEO plugin. -->","yoast_head_json":{"title":"Odcisk - Pr\u00fcfengel","description":"Odcisk Informacje zgodnie z \u00a7 5 TMG Pr\u00fcfengel GmbH(prosimy o niewysy\u0142anie \u017cadnych produkt\u00f3w na ten adres)Kaiserstrasse 1997070 W\u00fcrzburg S\u0105d rejestrowy:","robots":{"index":"noindex","follow":"nofollow"},"og_locale":"pl_PL","og_type":"article","og_title":"Odcisk - Pr\u00fcfengel","og_description":"Odcisk Informacje zgodnie z \u00a7 5 TMG Pr\u00fcfengel GmbH(prosimy o niewysy\u0142anie \u017cadnych produkt\u00f3w na ten adres)Kaiserstrasse 1997070 W\u00fcrzburg S\u0105d rejestrowy:","og_url":"https:\/\/pruefengel.de\/pl\/impressum\/","og_site_name":"Pr\u00fcfengel","article_modified_time":"2025-02-08T20:51:06+00:00","twitter_card":"summary_large_image","twitter_misc":{"Szacowany czas czytania":"2 minuty"},"schema":{"@context":"https:\/\/schema.org","@graph":[{"@type":"WebPage","@id":"https:\/\/pruefengel.de\/pl\/impressum\/","url":"https:\/\/pruefengel.de\/pl\/impressum\/","name":"Odcisk - Pr\u00fcfengel","isPartOf":{"@id":"https:\/\/pruefengel.de\/pl\/#website"},"datePublished":"2024-05-25T18:33:59+00:00","dateModified":"2025-02-08T20:51:06+00:00","description":"Odcisk Informacje zgodnie z \u00a7 5 TMG Pr\u00fcfengel GmbH(prosimy o niewysy\u0142anie \u017cadnych produkt\u00f3w na ten adres)Kaiserstrasse 1997070 W\u00fcrzburg S\u0105d rejestrowy:","breadcrumb":{"@id":"https:\/\/pruefengel.de\/pl\/impressum\/#breadcrumb"},"inLanguage":"pl-PL","potentialAction":[{"@type":"ReadAction","target":["https:\/\/pruefengel.de\/pl\/impressum\/"]}]},{"@type":"BreadcrumbList","@id":"https:\/\/pruefengel.de\/pl\/impressum\/#breadcrumb","itemListElement":[{"@type":"ListItem","position":1,"name":"Startseite","item":"https:\/\/pruefengel.de\/pl\/"},{"@type":"ListItem","position":2,"name":"Odcisk"}]},{"@type":"WebSite","@id":"https:\/\/pruefengel.de\/pl\/#website","url":"https:\/\/pruefengel.de\/pl\/","name":"Pr\u00fcfengel","description":"Wir testen Produkte!","publisher":{"@id":"https:\/\/pruefengel.de\/pl\/#organization"},"potentialAction":[{"@type":"SearchAction","target":{"@type":"EntryPoint","urlTemplate":"https:\/\/pruefengel.de\/pl\/?s={search_term_string}"},"query-input":{"@type":"PropertyValueSpecification","valueRequired":true,"valueName":"search_term_string"}}],"inLanguage":"pl-PL"},{"@type":"Organization","@id":"https:\/\/pruefengel.de\/pl\/#organization","name":"Pr\u00fcfengel Institut","url":"https:\/\/pruefengel.de\/pl\/","logo":{"@type":"ImageObject","inLanguage":"pl-PL","@id":"https:\/\/pruefengel.de\/pl\/#\/schema\/logo\/image\/","url":"http:\/\/pruefengel.de\/wp-content\/uploads\/2022\/05\/Icon.png","contentUrl":"http:\/\/pruefengel.de\/wp-content\/uploads\/2022\/05\/Icon.png","width":2000,"height":1539,"caption":"Pr\u00fcfengel Institut"},"image":{"@id":"https:\/\/pruefengel.de\/pl\/#\/schema\/logo\/image\/"}}]}},"uagb_featured_image_src":{"full":false,"thumbnail":false,"medium":false,"medium_large":false,"large":false,"1536x1536":false,"2048x2048":false},"uagb_author_info":{"display_name":"gfde6u7toit937z","author_link":"https:\/\/pruefengel.de\/pl\/author\/gfde6u7toit937z\/"},"uagb_comment_info":0,"uagb_excerpt":null,"_links":{"self":[{"href":"https:\/\/pruefengel.de\/pl\/wp-json\/wp\/v2\/pages\/109134","targetHints":{"allow":["GET"]}}],"collection":[{"href":"https:\/\/pruefengel.de\/pl\/wp-json\/wp\/v2\/pages"}],"about":[{"href":"https:\/\/pruefengel.de\/pl\/wp-json\/wp\/v2\/types\/page"}],"author":[{"embeddable":true,"href":"https:\/\/pruefengel.de\/pl\/wp-json\/wp\/v2\/users\/1"}],"replies":[{"embeddable":true,"href":"https:\/\/pruefengel.de\/pl\/wp-json\/wp\/v2\/comments?post=109134"}],"version-history":[{"count":4,"href":"https:\/\/pruefengel.de\/pl\/wp-json\/wp\/v2\/pages\/109134\/revisions"}],"predecessor-version":[{"id":203732,"href":"https:\/\/pruefengel.de\/pl\/wp-json\/wp\/v2\/pages\/109134\/revisions\/203732"}],"wp:attachment":[{"href":"https:\/\/pruefengel.de\/pl\/wp-json\/wp\/v2\/media?parent=109134"}],"curies":[{"name":"wp","href":"https:\/\/api.w.org\/{rel}","templated":true}]}}